{"id":151,"date":"2015-07-30T11:41:51","date_gmt":"2015-07-30T11:41:51","guid":{"rendered":"http:\/\/venus.webdesign-grancanaria.de\/es\/die-anlage\/"},"modified":"2024-12-25T10:16:55","modified_gmt":"2024-12-25T10:16:55","slug":"el-complejo","status":"publish","type":"page","link":"https:\/\/venus-star-resort.com\/es\/el-complejo\/","title":{"rendered":"El complejo"},"content":{"rendered":"\t\t<div data-elementor-type=\"wp-page\" data-elementor-id=\"151\" class=\"elementor elementor-151 elementor-11\" data-elementor-post-type=\"page\">\n\t\t\t\t\t\t<section class=\"elementor-section elementor-top-section elementor-element elementor-element-5431c481 elementor-section-boxed elementor-section-height-default elementor-section-height-default\" data-id=\"5431c481\" data-element_type=\"section\">\n\t\t\t\t\t\t<div class=\"elementor-container elementor-column-gap-default\">\n\t\t\t\t\t<div class=\"elementor-column elementor-col-100 elementor-top-column elementor-element elementor-element-dacbc0d\" data-id=\"dacbc0d\" data-element_type=\"column\">\n\t\t\t<div class=\"elementor-widget-wrap elementor-element-populated\">\n\t\t\t\t\t\t\t<\/div>\n\t\t<\/div>\n\t\t\t\t\t<\/div>\n\t\t<\/section>\n\t\t\t\t<section class=\"elementor-section elementor-top-section elementor-element elementor-element-1c13b2e elementor-section-boxed elementor-section-height-default elementor-section-height-default\" data-id=\"1c13b2e\" data-element_type=\"section\">\n\t\t\t\t\t\t<div class=\"elementor-container elementor-column-gap-default\">\n\t\t\t\t\t<div class=\"elementor-column elementor-col-100 elementor-top-column elementor-element elementor-element-80c1b61\" data-id=\"80c1b61\" data-element_type=\"column\">\n\t\t\t<div class=\"elementor-widget-wrap elementor-element-populated\">\n\t\t\t\t\t\t<div class=\"elementor-element elementor-element-1d9b23e5 elementor-widget elementor-widget-text-editor\" data-id=\"1d9b23e5\" data-element_type=\"widget\" data-widget_type=\"text-editor.default\">\n\t\t\t\t<div class=\"elementor-widget-container\">\n\t\t\t\t\t\t\t\t\t<h2>Nuestro complejo<\/h2>\n<p>Tras una larga b\u00fasqueda y planificaci\u00f3n, a finales de 2017 encontramos por fin la propiedad adecuada para nuestro \u00abcomplejo naturista para swingers\u00bb. No fue nada f\u00e1cil, ya que hab\u00eda que cumplir una gran variedad de criterios para ofrecer a nuestros futuros hu\u00e9spedes las mejores condiciones para una estancia inolvidable. El resultado fue el siguiente: Un cuidado complejo de bungalows con 53 unidades en una amplia superficie de unos 10.000 metros cuadrados sin vecinos directos, en pleno Sonnenland. La playa de Meloneras est\u00e1 a unos 3 kil\u00f3metros y la de Playa del Ingl\u00e9s a unos 2,5 kil\u00f3metros. Los populares centros comerciales est\u00e1n a unos 5 minutos en coche. En las inmediaciones hay taxis y una parada de autob\u00fas con conexiones directas a la playa y a varios lugares de la isla. La zona exterior con piscina, gran ba\u00f1era de hidromasaje, bar, sauna (de octubre a abril), zona de masajes, un estudio de cosm\u00e9tica y un gimnasio le ofrece muchas oportunidades para relajarse y disfrutar. Otro punto que nos convenci\u00f3 de la propiedad es la zona interior de 100 metros cuadrados, que est\u00e1 a su disposici\u00f3n d\u00eda y noche con sus diversas zonas de juego y diversas opciones de juego.<\/p>\n<p><strong>Para todos nuestros hu\u00e9spedes, ya sea en bungalow o como hu\u00e9spedes de d\u00eda, est\u00e1 terminantemente prohibido reservar las tumbonas de la zona com\u00fan. Cuando abandonen la zona de la piscina, deber\u00e1n retirarlas y dejarlas libres.<\/strong><\/p>\n<p><strong>Los hu\u00e9spedes de d\u00eda (parejas y mujeres solas, no hombres solos) son bienvenidos y pueden utilizar las zonas exteriores e interiores del complejo durante su estancia.<\/strong><\/p>\n<p>\u00a0<\/p>\t\t\t\t\t\t\t\t<\/div>\n\t\t\t\t<\/div>\n\t\t\t\t<div class=\"elementor-element elementor-element-f911294 elementor-widget elementor-widget-gallery\" data-id=\"f911294\" data-element_type=\"widget\" data-settings=\"{&quot;gallery_layout&quot;:&quot;justified&quot;,&quot;lazyload&quot;:&quot;yes&quot;,&quot;ideal_row_height&quot;:{&quot;unit&quot;:&quot;px&quot;,&quot;size&quot;:200,&quot;sizes&quot;:[]},&quot;ideal_row_height_tablet&quot;:{&quot;unit&quot;:&quot;px&quot;,&quot;size&quot;:150,&quot;sizes&quot;:[]},&quot;ideal_row_height_mobile&quot;:{&quot;unit&quot;:&quot;px&quot;,&quot;size&quot;:150,&quot;sizes&quot;:[]},&quot;gap&quot;:{&quot;unit&quot;:&quot;px&quot;,&quot;size&quot;:10,&quot;sizes&quot;:[]},&quot;gap_tablet&quot;:{&quot;unit&quot;:&quot;px&quot;,&quot;size&quot;:10,&quot;sizes&quot;:[]},&quot;gap_mobile&quot;:{&quot;unit&quot;:&quot;px&quot;,&quot;size&quot;:10,&quot;sizes&quot;:[]},&quot;link_to&quot;:&quot;file&quot;,&quot;overlay_background&quot;:&quot;yes&quot;,&quot;content_hover_animation&quot;:&quot;fade-in&quot;}\" data-widget_type=\"gallery.default\">\n\t\t\t\t<div class=\"elementor-widget-container\">\n\t\t\t\t\t\t\t<div class=\"elementor-gallery__container\">\n\t\t\t\t\t\t\t<a class=\"e-gallery-item elementor-gallery-item elementor-animated-content\" href=\"https:\/\/venus-star-resort.com\/wp-content\/uploads\/IMG-8457.jpg\" data-elementor-open-lightbox=\"yes\" data-elementor-lightbox-slideshow=\"f911294\" data-e-action-hash=\"#elementor-action%3Aaction%3Dlightbox%26settings%3DeyJpZCI6MzQ2MywidXJsIjoiaHR0cHM6XC9cL3ZlbnVzLXN0YXItcmVzb3J0LmNvbVwvd3AtY29udGVudFwvdXBsb2Fkc1wvSU1HLTg0NTcuanBnIiwic2xpZGVzaG93IjoiZjkxMTI5NCJ9\">\n\t\t\t\t\t<div class=\"e-gallery-image elementor-gallery-item__image\" data-thumbnail=\"https:\/\/venus-star-resort.com\/wp-content\/uploads\/IMG-8457-300x225.jpg\" data-width=\"300\" data-height=\"225\" aria-label=\"\" role=\"img\" ><\/div>\n\t\t\t\t\t\t\t\t\t\t\t<div class=\"elementor-gallery-item__overlay\"><\/div>\n\t\t\t\t\t\t\t\t\t\t\t\t\t\t<\/a>\n\t\t\t\t\t\t\t<a class=\"e-gallery-item elementor-gallery-item elementor-animated-content\" href=\"https:\/\/venus-star-resort.com\/wp-content\/uploads\/FOTO-PRINCIPAL--scaled.jpg\" data-elementor-open-lightbox=\"yes\" data-elementor-lightbox-slideshow=\"f911294\" data-e-action-hash=\"#elementor-action%3Aaction%3Dlightbox%26settings%3DeyJpZCI6NDQxNCwidXJsIjoiaHR0cHM6XC9cL3ZlbnVzLXN0YXItcmVzb3J0LmNvbVwvd3AtY29udGVudFwvdXBsb2Fkc1wvRk9UTy1QUklOQ0lQQUwtLXNjYWxlZC5qcGciLCJzbGlkZXNob3ciOiJmOTExMjk0In0%3D\">\n\t\t\t\t\t<div class=\"e-gallery-image elementor-gallery-item__image\" data-thumbnail=\"https:\/\/venus-star-resort.com\/wp-content\/uploads\/FOTO-PRINCIPAL--300x225.jpg\" data-width=\"300\" data-height=\"225\" aria-label=\"\" role=\"img\" ><\/div>\n\t\t\t\t\t\t\t\t\t\t\t<div class=\"elementor-gallery-item__overlay\"><\/div>\n\t\t\t\t\t\t\t\t\t\t\t\t\t\t<\/a>\n\t\t\t\t\t\t\t<a class=\"e-gallery-item elementor-gallery-item elementor-animated-content\" href=\"https:\/\/venus-star-resort.com\/wp-content\/uploads\/13.jpg\" data-elementor-open-lightbox=\"yes\" data-elementor-lightbox-slideshow=\"f911294\" data-e-action-hash=\"#elementor-action%3Aaction%3Dlightbox%26settings%3DeyJpZCI6NDQ2MywidXJsIjoiaHR0cHM6XC9cL3ZlbnVzLXN0YXItcmVzb3J0LmNvbVwvd3AtY29udGVudFwvdXBsb2Fkc1wvMTMuanBnIiwic2xpZGVzaG93IjoiZjkxMTI5NCJ9\">\n\t\t\t\t\t<div class=\"e-gallery-image elementor-gallery-item__image\" data-thumbnail=\"https:\/\/venus-star-resort.com\/wp-content\/uploads\/13-300x169.jpg\" data-width=\"300\" data-height=\"169\" aria-label=\"\" role=\"img\" ><\/div>\n\t\t\t\t\t\t\t\t\t\t\t<div class=\"elementor-gallery-item__overlay\"><\/div>\n\t\t\t\t\t\t\t\t\t\t\t\t\t\t<\/a>\n\t\t\t\t\t\t\t<a class=\"e-gallery-item elementor-gallery-item elementor-animated-content\" href=\"https:\/\/venus-star-resort.com\/wp-content\/uploads\/IMG-8278.jpg\" data-elementor-open-lightbox=\"yes\" data-elementor-lightbox-slideshow=\"f911294\" data-e-action-hash=\"#elementor-action%3Aaction%3Dlightbox%26settings%3DeyJpZCI6MzQwOCwidXJsIjoiaHR0cHM6XC9cL3ZlbnVzLXN0YXItcmVzb3J0LmNvbVwvd3AtY29udGVudFwvdXBsb2Fkc1wvSU1HLTgyNzguanBnIiwic2xpZGVzaG93IjoiZjkxMTI5NCJ9\">\n\t\t\t\t\t<div class=\"e-gallery-image elementor-gallery-item__image\" data-thumbnail=\"https:\/\/venus-star-resort.com\/wp-content\/uploads\/IMG-8278-300x225.jpg\" data-width=\"300\" data-height=\"225\" aria-label=\"\" role=\"img\" ><\/div>\n\t\t\t\t\t\t\t\t\t\t\t<div class=\"elementor-gallery-item__overlay\"><\/div>\n\t\t\t\t\t\t\t\t\t\t\t\t\t\t<\/a>\n\t\t\t\t\t<\/div>\n\t\t\t\t\t<\/div>\n\t\t\t\t<\/div>\n\t\t\t\t\t<\/div>\n\t\t<\/div>\n\t\t\t\t\t<\/div>\n\t\t<\/section>\n\t\t\t\t<\/div>\n\t\t","protected":false},"excerpt":{"rendered":"<p>Nuestro complejo Tras una larga b\u00fasqueda y planificaci\u00f3n, a finales de 2017 encontramos por fin [&hellip;]<\/p>\n","protected":false},"author":1,"featured_media":0,"parent":0,"menu_order":0,"comment_status":"open","ping_status":"open","template":"","meta":{"footnotes":""},"class_list":["post-151","page","type-page","status-publish","hentry"],"yoast_head":"<!-- This site is optimized with the Yoast SEO plugin v26.0 - https:\/\/yoast.com\/wordpress\/plugins\/seo\/ -->\n<title>El complejo - Venus Star Resort | Gran Canaria<\/title>\n<meta name=\"robots\" content=\"index, follow, max-snippet:-1, max-image-preview:large, max-video-preview:-1\" \/>\n<link rel=\"canonical\" href=\"https:\/\/venus-star-resort.com\/es\/el-complejo\/\" \/>\n<meta property=\"og:locale\" content=\"es_ES\" \/>\n<meta property=\"og:type\" content=\"article\" \/>\n<meta property=\"og:title\" content=\"El complejo - Venus Star Resort | Gran Canaria\" \/>\n<meta property=\"og:description\" content=\"Nuestro complejo Tras una larga b\u00fasqueda y planificaci\u00f3n, a finales de 2017 encontramos por fin [&hellip;]\" \/>\n<meta property=\"og:url\" content=\"https:\/\/venus-star-resort.com\/es\/el-complejo\/\" \/>\n<meta property=\"og:site_name\" content=\"Venus Star Resort | Gran Canaria\" \/>\n<meta property=\"article:modified_time\" content=\"2024-12-25T10:16:55+00:00\" \/>\n<meta name=\"twitter:card\" content=\"summary_large_image\" \/>\n<meta name=\"twitter:label1\" content=\"Tiempo de lectura\" \/>\n\t<meta name=\"twitter:data1\" content=\"2 minutos\" \/>\n<script type=\"application\/ld+json\" class=\"yoast-schema-graph\">{\"@context\":\"https:\/\/schema.org\",\"@graph\":[{\"@type\":\"WebPage\",\"@id\":\"https:\/\/venus-star-resort.com\/es\/el-complejo\/\",\"url\":\"https:\/\/venus-star-resort.com\/es\/el-complejo\/\",\"name\":\"El complejo - Venus Star Resort | Gran Canaria\",\"isPartOf\":{\"@id\":\"https:\/\/venus-star-resort.com\/fr\/#website\"},\"datePublished\":\"2015-07-30T11:41:51+00:00\",\"dateModified\":\"2024-12-25T10:16:55+00:00\",\"breadcrumb\":{\"@id\":\"https:\/\/venus-star-resort.com\/es\/el-complejo\/#breadcrumb\"},\"inLanguage\":\"es\",\"potentialAction\":[{\"@type\":\"ReadAction\",\"target\":[\"https:\/\/venus-star-resort.com\/es\/el-complejo\/\"]}]},{\"@type\":\"BreadcrumbList\",\"@id\":\"https:\/\/venus-star-resort.com\/es\/el-complejo\/#breadcrumb\",\"itemListElement\":[{\"@type\":\"ListItem\",\"position\":1,\"name\":\"Startseite\",\"item\":\"https:\/\/venus-star-resort.com\/es\/\"},{\"@type\":\"ListItem\",\"position\":2,\"name\":\"El complejo\"}]},{\"@type\":\"WebSite\",\"@id\":\"https:\/\/venus-star-resort.com\/fr\/#website\",\"url\":\"https:\/\/venus-star-resort.com\/fr\/\",\"name\":\"Venus Star Resort | Gran Canaria\",\"description\":\"Das Mekka f\u00fcr alle Swinger\",\"potentialAction\":[{\"@type\":\"SearchAction\",\"target\":{\"@type\":\"EntryPoint\",\"urlTemplate\":\"https:\/\/venus-star-resort.com\/fr\/?s={search_term_string}\"},\"query-input\":{\"@type\":\"PropertyValueSpecification\",\"valueRequired\":true,\"valueName\":\"search_term_string\"}}],\"inLanguage\":\"es\"}]}<\/script>\n<!-- \/ Yoast SEO plugin. -->","yoast_head_json":{"title":"El complejo - Venus Star Resort | Gran Canaria","robots":{"index":"index","follow":"follow","max-snippet":"max-snippet:-1","max-image-preview":"max-image-preview:large","max-video-preview":"max-video-preview:-1"},"canonical":"https:\/\/venus-star-resort.com\/es\/el-complejo\/","og_locale":"es_ES","og_type":"article","og_title":"El complejo - Venus Star Resort | Gran Canaria","og_description":"Nuestro complejo Tras una larga b\u00fasqueda y planificaci\u00f3n, a finales de 2017 encontramos por fin [&hellip;]","og_url":"https:\/\/venus-star-resort.com\/es\/el-complejo\/","og_site_name":"Venus Star Resort | Gran Canaria","article_modified_time":"2024-12-25T10:16:55+00:00","twitter_card":"summary_large_image","twitter_misc":{"Tiempo de lectura":"2 minutos"},"schema":{"@context":"https:\/\/schema.org","@graph":[{"@type":"WebPage","@id":"https:\/\/venus-star-resort.com\/es\/el-complejo\/","url":"https:\/\/venus-star-resort.com\/es\/el-complejo\/","name":"El complejo - Venus Star Resort | Gran Canaria","isPartOf":{"@id":"https:\/\/venus-star-resort.com\/fr\/#website"},"datePublished":"2015-07-30T11:41:51+00:00","dateModified":"2024-12-25T10:16:55+00:00","breadcrumb":{"@id":"https:\/\/venus-star-resort.com\/es\/el-complejo\/#breadcrumb"},"inLanguage":"es","potentialAction":[{"@type":"ReadAction","target":["https:\/\/venus-star-resort.com\/es\/el-complejo\/"]}]},{"@type":"BreadcrumbList","@id":"https:\/\/venus-star-resort.com\/es\/el-complejo\/#breadcrumb","itemListElement":[{"@type":"ListItem","position":1,"name":"Startseite","item":"https:\/\/venus-star-resort.com\/es\/"},{"@type":"ListItem","position":2,"name":"El complejo"}]},{"@type":"WebSite","@id":"https:\/\/venus-star-resort.com\/fr\/#website","url":"https:\/\/venus-star-resort.com\/fr\/","name":"Venus Star Resort | Gran Canaria","description":"Das Mekka f\u00fcr alle Swinger","potentialAction":[{"@type":"SearchAction","target":{"@type":"EntryPoint","urlTemplate":"https:\/\/venus-star-resort.com\/fr\/?s={search_term_string}"},"query-input":{"@type":"PropertyValueSpecification","valueRequired":true,"valueName":"search_term_string"}}],"inLanguage":"es"}]}},"_links":{"self":[{"href":"https:\/\/venus-star-resort.com\/es\/wp-json\/wp\/v2\/pages\/151","targetHints":{"allow":["GET"]}}],"collection":[{"href":"https:\/\/venus-star-resort.com\/es\/wp-json\/wp\/v2\/pages"}],"about":[{"href":"https:\/\/venus-star-resort.com\/es\/wp-json\/wp\/v2\/types\/page"}],"author":[{"embeddable":true,"href":"https:\/\/venus-star-resort.com\/es\/wp-json\/wp\/v2\/users\/1"}],"replies":[{"embeddable":true,"href":"https:\/\/venus-star-resort.com\/es\/wp-json\/wp\/v2\/comments?post=151"}],"version-history":[{"count":114,"href":"https:\/\/venus-star-resort.com\/es\/wp-json\/wp\/v2\/pages\/151\/revisions"}],"predecessor-version":[{"id":6228,"href":"https:\/\/venus-star-resort.com\/es\/wp-json\/wp\/v2\/pages\/151\/revisions\/6228"}],"wp:attachment":[{"href":"https:\/\/venus-star-resort.com\/es\/wp-json\/wp\/v2\/media?parent=151"}],"curies":[{"name":"wp","href":"https:\/\/api.w.org\/{rel}","templated":true}]}}