{"id":153,"date":"2015-07-31T12:30:29","date_gmt":"2015-07-31T12:30:29","guid":{"rendered":"http:\/\/venus.webdesign-grancanaria.de\/es\/events\/"},"modified":"2025-10-04T11:31:29","modified_gmt":"2025-10-04T11:31:29","slug":"fiestas-eventos","status":"publish","type":"page","link":"https:\/\/venus-star-resort.com\/es\/fiestas-eventos\/","title":{"rendered":"Fiestas\/ Eventos:"},"content":{"rendered":"<p>Los hu\u00e9spedes de d\u00eda son bienvenidos de lunes a domingo de 12:00 a 20:00.<\/p>\n<p>Visite nuestro Venus Star Resort donde se celebran diferentes eventos cada d\u00eda.<\/p>\n<p>\nEVENTOS SEMANALES<\/p>\n<p><strong>A PARTIR DEL 01 DE OCTUBRE DE 2025<\/strong><\/p>\n<p>lunes : CAVA &#8211; SEKT &#8211; FIESTA &#8230;&#8230;&#8230;&#8230;&#8230;&#8230;&#8230;&#8230;&#8230;&#8230;&#8230;&#8230;&#8230;. 40\u20ac<br \/>\nmartes : YOUNG MEET &#8211; FIESTA + HAPPY HOUR&#8230;&#8230;&#8230;&#8230;&#8230;&#8230;&#8230; 40\u20ac<br \/>\nmiercoles: \u00a0Kabads \u00ac Pizzas\u00a0 &#8230;&#8230;&#8230;&#8230;&#8230;&#8230;&#8230;&#8230;&#8230;&#8230;&#8230;&#8230;&#8230;&#8230;&#8230;&#8230; 40\u20ac<br \/>\njueves: FIESTA DE LA ESPUMA &#8230;&#8230;&#8230;&#8230;&#8230;&#8230;&#8230;&#8230;&#8230;&#8230;&#8230;&#8230;&#8230;&#8230;&#8230;.. 50\u20ac<br \/>\nviernes: POOL PARTY &#8230;&#8230;&#8230;&#8230;&#8230;&#8230;&#8230;&#8230;&#8230;&#8230;&#8230;&#8230;&#8230;&#8230;&#8230;&#8230; 40\u20ac<br \/>\ns\u00e1bado: Relaxing Your Body Massage\u00a0 \u00a0\u00a0 &#8230;&#8230;&#8230;&#8230;&#8230;&#8230;&#8230;&#8230;&#8230;&#8230;&#8230;&#8230;&#8230;&#8230;&#8230;.. 40\u20ac<br \/>\ndomingo: Cirque Venus Star\u00a0 \u00a0 &#8230;&#8230;&#8230;&#8230;&#8230;&#8230;&#8230;&#8230;&#8230;&#8230;&#8230;&#8230;&#8230;&#8230;&#8230;.. 50\u20ac<\/p>\n<p>&nbsp;<\/p>\n<p><strong>CLIENTES VIP:<\/strong> La entrada cuesta 30 \u20ac.<br \/>\n<strong>MUJERES QUE VIAJAN SOLAS:<\/strong> La entrada cuesta 20 \u20ac.<br \/>\n<strong>Pase diario\/Day Pass:<\/strong> El precio depende del d\u00eda y del evento. Si se reservan los 7 d\u00edas, el precio es de 240 \u20ac (no se reembolsar\u00e1 en caso de no presentarse).<\/p>\n<p>&nbsp;<\/p>\n<p><strong>PROHIBICI\u00d3N DE CELEBRACIONES EN LOS BUNGALOWS <\/strong><br \/>\nA todos los hu\u00e9spedes.<br \/>\nSi desean celebrar una fiesta en nuestro complejo, p\u00f3nganse en contacto con la direcci\u00f3n para que podamos organizarla juntos. La direcci\u00f3n decorar\u00e1 la sala elegida y les ofrecer\u00e1 un precio especial para el men\u00fa en funci\u00f3n del n\u00famero de participantes.<br \/>\n<strong>No est\u00e1 permitido cocinar en la terraza de los bungalows.<\/strong><\/p>\n<p>&nbsp;<\/p>\n<p>Taquillas, dos toallas y tumbonas de lujo a su disposici\u00f3n.<\/p>\n<p>No aceptamos reservas para hu\u00e9spedes de un d\u00eda.<\/p>\n<p>Nuestro complejo es obligatoriamente nudista.<\/p>\n<p>S\u00f3lo aceptamos parejas (hombre y mujer) y mujeres solas.<\/p>\n<p><strong>EVENTOS ESPECIALES EN ESTAS FECHAS:<\/strong><\/p>\n<p>Del <strong>1 al 8 de febrero de 2026<\/strong> y del <strong>10 al 17 de mayo de 2026<\/strong><\/p>\n<p>\u00a0RESERVAS SOLO A TRAV\u00c9S DE LOS SIGUIENTES ENLACES:<\/p>\n<p><a href=\"https:\/\/www.swinger-travel.de\/\"><img decoding=\"async\" class=\"alignnone size-full wp-image-5827\" src=\"https:\/\/venus-star-resort.com\/wp-content\/uploads\/Bild2.png\" alt=\"\" width=\"312\" height=\"81\" srcset=\"https:\/\/venus-star-resort.com\/wp-content\/uploads\/\/Bild2.png 312w, https:\/\/venus-star-resort.com\/wp-content\/uploads\/\/Bild2-300x78.png 300w\" sizes=\"(max-width: 312px) 100vw, 312px\" \/><\/a>\u00a0<\/p>\n<p><a href=\"https:\/\/www.o-events.de\/shop_content.php?coID=3210164\" target=\"_blank\" rel=\"noopener\"><img fetchpriority=\"high\" decoding=\"async\" class=\"alignnone wp-image-6274 size-full\" src=\"https:\/\/venus-star-resort.com\/wp-content\/uploads\/Party-Pool-and-Palmtrees-700.png\" alt=\"\" width=\"420\" height=\"630\" \/><\/a><\/p>\n","protected":false},"excerpt":{"rendered":"<p>Los hu\u00e9spedes de d\u00eda son bienvenidos de lunes a domingo de 12:00 a 20:00. Visite [&hellip;]<\/p>\n","protected":false},"author":3,"featured_media":0,"parent":0,"menu_order":0,"comment_status":"open","ping_status":"open","template":"templates-pages\/page-events.php","meta":{"footnotes":""},"class_list":["post-153","page","type-page","status-publish","hentry"],"yoast_head":"<!-- This site is optimized with the Yoast SEO plugin v26.0 - https:\/\/yoast.com\/wordpress\/plugins\/seo\/ -->\n<title>Fiestas\/ Eventos: - Venus Star Resort | Gran Canaria<\/title>\n<meta name=\"robots\" content=\"index, follow, max-snippet:-1, max-image-preview:large, max-video-preview:-1\" \/>\n<link rel=\"canonical\" href=\"https:\/\/venus-star-resort.com\/events\/\" \/>\n<meta property=\"og:locale\" content=\"es_ES\" \/>\n<meta property=\"og:type\" content=\"article\" \/>\n<meta property=\"og:title\" content=\"Fiestas\/ Eventos: - Venus Star Resort | Gran Canaria\" \/>\n<meta property=\"og:description\" content=\"Los hu\u00e9spedes de d\u00eda son bienvenidos de lunes a domingo de 12:00 a 20:00. Visite [&hellip;]\" \/>\n<meta property=\"og:url\" content=\"https:\/\/venus-star-resort.com\/events\/\" \/>\n<meta property=\"og:site_name\" content=\"Venus Star Resort | Gran Canaria\" \/>\n<meta property=\"article:modified_time\" content=\"2025-10-04T11:31:29+00:00\" \/>\n<meta property=\"og:image\" content=\"https:\/\/venus-star-resort.com\/wp-content\/uploads\/Bild2.png\" \/>\n\t<meta property=\"og:image:width\" content=\"312\" \/>\n\t<meta property=\"og:image:height\" content=\"81\" \/>\n\t<meta property=\"og:image:type\" content=\"image\/png\" \/>\n<meta name=\"twitter:card\" content=\"summary_large_image\" \/>\n<meta name=\"twitter:label1\" content=\"Tiempo de lectura\" \/>\n\t<meta name=\"twitter:data1\" content=\"2 minutos\" \/>\n<script type=\"application\/ld+json\" class=\"yoast-schema-graph\">{\"@context\":\"https:\/\/schema.org\",\"@graph\":[{\"@type\":\"WebPage\",\"@id\":\"https:\/\/venus-star-resort.com\/events\/\",\"url\":\"https:\/\/venus-star-resort.com\/events\/\",\"name\":\"Fiestas\/ Eventos: - Venus Star Resort | Gran Canaria\",\"isPartOf\":{\"@id\":\"https:\/\/venus-star-resort.com\/fr\/#website\"},\"primaryImageOfPage\":{\"@id\":\"https:\/\/venus-star-resort.com\/events\/#primaryimage\"},\"image\":{\"@id\":\"https:\/\/venus-star-resort.com\/events\/#primaryimage\"},\"thumbnailUrl\":\"https:\/\/venus-star-resort.com\/wp-content\/uploads\/Bild2.png\",\"datePublished\":\"2015-07-31T12:30:29+00:00\",\"dateModified\":\"2025-10-04T11:31:29+00:00\",\"breadcrumb\":{\"@id\":\"https:\/\/venus-star-resort.com\/events\/#breadcrumb\"},\"inLanguage\":\"es\",\"potentialAction\":[{\"@type\":\"ReadAction\",\"target\":[\"https:\/\/venus-star-resort.com\/events\/\"]}]},{\"@type\":\"ImageObject\",\"inLanguage\":\"es\",\"@id\":\"https:\/\/venus-star-resort.com\/events\/#primaryimage\",\"url\":\"https:\/\/venus-star-resort.com\/wp-content\/uploads\/Bild2.png\",\"contentUrl\":\"https:\/\/venus-star-resort.com\/wp-content\/uploads\/Bild2.png\"},{\"@type\":\"BreadcrumbList\",\"@id\":\"https:\/\/venus-star-resort.com\/events\/#breadcrumb\",\"itemListElement\":[{\"@type\":\"ListItem\",\"position\":1,\"name\":\"Startseite\",\"item\":\"https:\/\/venus-star-resort.com\/es\/\"},{\"@type\":\"ListItem\",\"position\":2,\"name\":\"Fiestas\/ Eventos:\"}]},{\"@type\":\"WebSite\",\"@id\":\"https:\/\/venus-star-resort.com\/fr\/#website\",\"url\":\"https:\/\/venus-star-resort.com\/fr\/\",\"name\":\"Venus Star Resort | Gran Canaria\",\"description\":\"Das Mekka f\u00fcr alle Swinger\",\"potentialAction\":[{\"@type\":\"SearchAction\",\"target\":{\"@type\":\"EntryPoint\",\"urlTemplate\":\"https:\/\/venus-star-resort.com\/fr\/?s={search_term_string}\"},\"query-input\":{\"@type\":\"PropertyValueSpecification\",\"valueRequired\":true,\"valueName\":\"search_term_string\"}}],\"inLanguage\":\"es\"}]}<\/script>\n<!-- \/ Yoast SEO plugin. -->","yoast_head_json":{"title":"Fiestas\/ Eventos: - Venus Star Resort | Gran Canaria","robots":{"index":"index","follow":"follow","max-snippet":"max-snippet:-1","max-image-preview":"max-image-preview:large","max-video-preview":"max-video-preview:-1"},"canonical":"https:\/\/venus-star-resort.com\/events\/","og_locale":"es_ES","og_type":"article","og_title":"Fiestas\/ Eventos: - Venus Star Resort | Gran Canaria","og_description":"Los hu\u00e9spedes de d\u00eda son bienvenidos de lunes a domingo de 12:00 a 20:00. Visite [&hellip;]","og_url":"https:\/\/venus-star-resort.com\/events\/","og_site_name":"Venus Star Resort | Gran Canaria","article_modified_time":"2025-10-04T11:31:29+00:00","og_image":[{"width":312,"height":81,"url":"https:\/\/venus-star-resort.com\/wp-content\/uploads\/Bild2.png","type":"image\/png"}],"twitter_card":"summary_large_image","twitter_misc":{"Tiempo de lectura":"2 minutos"},"schema":{"@context":"https:\/\/schema.org","@graph":[{"@type":"WebPage","@id":"https:\/\/venus-star-resort.com\/events\/","url":"https:\/\/venus-star-resort.com\/events\/","name":"Fiestas\/ Eventos: - Venus Star Resort | Gran Canaria","isPartOf":{"@id":"https:\/\/venus-star-resort.com\/fr\/#website"},"primaryImageOfPage":{"@id":"https:\/\/venus-star-resort.com\/events\/#primaryimage"},"image":{"@id":"https:\/\/venus-star-resort.com\/events\/#primaryimage"},"thumbnailUrl":"https:\/\/venus-star-resort.com\/wp-content\/uploads\/Bild2.png","datePublished":"2015-07-31T12:30:29+00:00","dateModified":"2025-10-04T11:31:29+00:00","breadcrumb":{"@id":"https:\/\/venus-star-resort.com\/events\/#breadcrumb"},"inLanguage":"es","potentialAction":[{"@type":"ReadAction","target":["https:\/\/venus-star-resort.com\/events\/"]}]},{"@type":"ImageObject","inLanguage":"es","@id":"https:\/\/venus-star-resort.com\/events\/#primaryimage","url":"https:\/\/venus-star-resort.com\/wp-content\/uploads\/Bild2.png","contentUrl":"https:\/\/venus-star-resort.com\/wp-content\/uploads\/Bild2.png"},{"@type":"BreadcrumbList","@id":"https:\/\/venus-star-resort.com\/events\/#breadcrumb","itemListElement":[{"@type":"ListItem","position":1,"name":"Startseite","item":"https:\/\/venus-star-resort.com\/es\/"},{"@type":"ListItem","position":2,"name":"Fiestas\/ Eventos:"}]},{"@type":"WebSite","@id":"https:\/\/venus-star-resort.com\/fr\/#website","url":"https:\/\/venus-star-resort.com\/fr\/","name":"Venus Star Resort | Gran Canaria","description":"Das Mekka f\u00fcr alle Swinger","potentialAction":[{"@type":"SearchAction","target":{"@type":"EntryPoint","urlTemplate":"https:\/\/venus-star-resort.com\/fr\/?s={search_term_string}"},"query-input":{"@type":"PropertyValueSpecification","valueRequired":true,"valueName":"search_term_string"}}],"inLanguage":"es"}]}},"_links":{"self":[{"href":"https:\/\/venus-star-resort.com\/es\/wp-json\/wp\/v2\/pages\/153","targetHints":{"allow":["GET"]}}],"collection":[{"href":"https:\/\/venus-star-resort.com\/es\/wp-json\/wp\/v2\/pages"}],"about":[{"href":"https:\/\/venus-star-resort.com\/es\/wp-json\/wp\/v2\/types\/page"}],"author":[{"embeddable":true,"href":"https:\/\/venus-star-resort.com\/es\/wp-json\/wp\/v2\/users\/3"}],"replies":[{"embeddable":true,"href":"https:\/\/venus-star-resort.com\/es\/wp-json\/wp\/v2\/comments?post=153"}],"version-history":[{"count":61,"href":"https:\/\/venus-star-resort.com\/es\/wp-json\/wp\/v2\/pages\/153\/revisions"}],"predecessor-version":[{"id":6385,"href":"https:\/\/venus-star-resort.com\/es\/wp-json\/wp\/v2\/pages\/153\/revisions\/6385"}],"wp:attachment":[{"href":"https:\/\/venus-star-resort.com\/es\/wp-json\/wp\/v2\/media?parent=153"}],"curies":[{"name":"wp","href":"https:\/\/api.w.org\/{rel}","templated":true}]}}