{"id":157,"date":"2015-07-30T11:40:28","date_gmt":"2015-07-30T11:40:28","guid":{"rendered":"http:\/\/venus.webdesign-grancanaria.de\/es\/hausordnung\/"},"modified":"2025-01-08T13:12:08","modified_gmt":"2025-01-08T13:12:08","slug":"reglas-de-la-casa","status":"publish","type":"page","link":"https:\/\/venus-star-resort.com\/es\/reglas-de-la-casa\/","title":{"rendered":"Reglas de la Casa"},"content":{"rendered":"<p>SEG\u00daN LEY SE REQUIERE PRESENTAR IDENTIFICACI\u00d3N O PASAPORTE AL PERSONAL<\/p>\n<p>Check-in a partir de las 14h.<\/p>\n<p>Salida hasta las 11 a.m.<\/p>\n<p>Por favor indique su hora de llegada, para que su llegada est\u00e9 garantizada. Nuestra recepci\u00f3n est\u00e1 abierta de 8 a.m. a 8 p.m., despu\u00e9s de lo cual estaremos encantados de proporcionar un transfer desde el aeropuerto por un m\u00f3dico precio.<\/p>\n<p>Para la protecci\u00f3n de la discreci\u00f3n, privacidad y confidencialidad, no se pueden tomar fotograf\u00edas o videos de ning\u00fan tipo en el sistema sin el consentimiento expreso de todas las personas contenidas en las fotos o videos. \u00a1No habr\u00e1 excepci\u00f3n a esto!<\/p>\n<p>En nuestro complejo est\u00e1 terminantemente prohibido el uso de c\u00e1maras, tel\u00e9fonos m\u00f3viles, gafas o cualquier otro tipo de dispositivo capaz de captar im\u00e1genes de nuestros hu\u00e9spedes en todo el complejo.<br \/>\nSi no cumple esta norma, se le pedir\u00e1 que abandone el complejo inmediatamente.<\/p>\n<p>Asumimos que nuestros hu\u00e9spedes son conscientes del car\u00e1cter especial de sus vacaciones aqu\u00ed en el Venus Star Resort. No se pueden reembolsar los gastos de alojamiento debido a malentendidos.<\/p>\n<p>Tratamos toda la informaci\u00f3n con la m\u00e1s estricta confidencialidad y garantizamos que ninguna de esta informaci\u00f3n ser\u00e1 cedida a terceros. Su identidad y la de todas las personas que se re\u00fanen con nosotros son absolutamente confidenciales.<\/p>\n<p>Este es un complejo solo para adultos; sin embargo, no hay obligaci\u00f3n ni garant\u00eda de sexo. Sin embargo, se aplican todas las reglas normales para tratar con swingers, como buenos modales, discreci\u00f3n y limpieza. Un no significa no y no es una ofensa.<\/p>\n<p>Para evitar molestias, el uso del jacuzzi est\u00e1 prohibido despu\u00e9s de las 8 p.m. Adem\u00e1s, a partir de este momento, todas las actividades que pudieran generar contaminaci\u00f3n ac\u00fastica deber\u00e1n trasladarse al interior del resort. Hay habitaciones disponibles para esto.<\/p>\n<p>Las tumbonas de la zona com\u00fan de la piscina est\u00e1n disponibles a partir de las 9 de la ma\u00f1ana. No se admiten reservas.<\/p>\n<p>Los hu\u00e9spedes diurnos solo pueden ingresar a los bungalows con la aprobaci\u00f3n expresa de la recepci\u00f3n o del restaurante del Venus Star Resort.<\/p>\n<p>Los hu\u00e9spedes del d\u00eda deben salir del resort a m\u00e1s tardar a las 8 p.m.<\/p>\n<p>La sauna se activa todos los d\u00edas de 12:00 a 20:00 (desde octubre hasta abril)<\/p>\n<p>Deseamos a todos nuestros hu\u00e9spedes una estancia agradable e inolvidable en el Venus Star Resort. Si tiene alguna pregunta y \/ o sugerencia, no dude en hac\u00e9rnoslo saber.<\/p>\n","protected":false},"excerpt":{"rendered":"<p>SEG\u00daN LEY SE REQUIERE PRESENTAR IDENTIFICACI\u00d3N O PASAPORTE AL PERSONAL Check-in a partir de las [&hellip;]<\/p>\n","protected":false},"author":1,"featured_media":0,"parent":0,"menu_order":0,"comment_status":"closed","ping_status":"closed","template":"","meta":{"footnotes":""},"class_list":["post-157","page","type-page","status-publish","hentry"],"yoast_head":"<!-- This site is optimized with the Yoast SEO plugin v26.0 - https:\/\/yoast.com\/wordpress\/plugins\/seo\/ -->\n<title>Reglas de la Casa - Venus Star Resort | Gran Canaria<\/title>\n<meta name=\"robots\" content=\"index, follow, max-snippet:-1, max-image-preview:large, max-video-preview:-1\" \/>\n<link rel=\"canonical\" href=\"https:\/\/venus-star-resort.com\/es\/reglas-de-la-casa\/\" \/>\n<meta property=\"og:locale\" content=\"es_ES\" \/>\n<meta property=\"og:type\" content=\"article\" \/>\n<meta property=\"og:title\" content=\"Reglas de la Casa - Venus Star Resort | Gran Canaria\" \/>\n<meta property=\"og:description\" content=\"SEG\u00daN LEY SE REQUIERE PRESENTAR IDENTIFICACI\u00d3N O PASAPORTE AL PERSONAL Check-in a partir de las [&hellip;]\" \/>\n<meta property=\"og:url\" content=\"https:\/\/venus-star-resort.com\/es\/reglas-de-la-casa\/\" \/>\n<meta property=\"og:site_name\" content=\"Venus Star Resort | Gran Canaria\" \/>\n<meta property=\"article:modified_time\" content=\"2025-01-08T13:12:08+00:00\" \/>\n<meta name=\"twitter:card\" content=\"summary_large_image\" \/>\n<meta name=\"twitter:label1\" content=\"Tiempo de lectura\" \/>\n\t<meta name=\"twitter:data1\" content=\"2 minutos\" \/>\n<script type=\"application\/ld+json\" class=\"yoast-schema-graph\">{\"@context\":\"https:\/\/schema.org\",\"@graph\":[{\"@type\":\"WebPage\",\"@id\":\"https:\/\/venus-star-resort.com\/es\/reglas-de-la-casa\/\",\"url\":\"https:\/\/venus-star-resort.com\/es\/reglas-de-la-casa\/\",\"name\":\"Reglas de la Casa - Venus Star Resort | Gran Canaria\",\"isPartOf\":{\"@id\":\"https:\/\/venus-star-resort.com\/fr\/#website\"},\"datePublished\":\"2015-07-30T11:40:28+00:00\",\"dateModified\":\"2025-01-08T13:12:08+00:00\",\"breadcrumb\":{\"@id\":\"https:\/\/venus-star-resort.com\/es\/reglas-de-la-casa\/#breadcrumb\"},\"inLanguage\":\"es\",\"potentialAction\":[{\"@type\":\"ReadAction\",\"target\":[\"https:\/\/venus-star-resort.com\/es\/reglas-de-la-casa\/\"]}]},{\"@type\":\"BreadcrumbList\",\"@id\":\"https:\/\/venus-star-resort.com\/es\/reglas-de-la-casa\/#breadcrumb\",\"itemListElement\":[{\"@type\":\"ListItem\",\"position\":1,\"name\":\"Startseite\",\"item\":\"https:\/\/venus-star-resort.com\/es\/\"},{\"@type\":\"ListItem\",\"position\":2,\"name\":\"Reglas de la Casa\"}]},{\"@type\":\"WebSite\",\"@id\":\"https:\/\/venus-star-resort.com\/fr\/#website\",\"url\":\"https:\/\/venus-star-resort.com\/fr\/\",\"name\":\"Venus Star Resort | Gran Canaria\",\"description\":\"Das Mekka f\u00fcr alle Swinger\",\"potentialAction\":[{\"@type\":\"SearchAction\",\"target\":{\"@type\":\"EntryPoint\",\"urlTemplate\":\"https:\/\/venus-star-resort.com\/fr\/?s={search_term_string}\"},\"query-input\":{\"@type\":\"PropertyValueSpecification\",\"valueRequired\":true,\"valueName\":\"search_term_string\"}}],\"inLanguage\":\"es\"}]}<\/script>\n<!-- \/ Yoast SEO plugin. -->","yoast_head_json":{"title":"Reglas de la Casa - Venus Star Resort | Gran Canaria","robots":{"index":"index","follow":"follow","max-snippet":"max-snippet:-1","max-image-preview":"max-image-preview:large","max-video-preview":"max-video-preview:-1"},"canonical":"https:\/\/venus-star-resort.com\/es\/reglas-de-la-casa\/","og_locale":"es_ES","og_type":"article","og_title":"Reglas de la Casa - Venus Star Resort | Gran Canaria","og_description":"SEG\u00daN LEY SE REQUIERE PRESENTAR IDENTIFICACI\u00d3N O PASAPORTE AL PERSONAL Check-in a partir de las [&hellip;]","og_url":"https:\/\/venus-star-resort.com\/es\/reglas-de-la-casa\/","og_site_name":"Venus Star Resort | Gran Canaria","article_modified_time":"2025-01-08T13:12:08+00:00","twitter_card":"summary_large_image","twitter_misc":{"Tiempo de lectura":"2 minutos"},"schema":{"@context":"https:\/\/schema.org","@graph":[{"@type":"WebPage","@id":"https:\/\/venus-star-resort.com\/es\/reglas-de-la-casa\/","url":"https:\/\/venus-star-resort.com\/es\/reglas-de-la-casa\/","name":"Reglas de la Casa - Venus Star Resort | Gran Canaria","isPartOf":{"@id":"https:\/\/venus-star-resort.com\/fr\/#website"},"datePublished":"2015-07-30T11:40:28+00:00","dateModified":"2025-01-08T13:12:08+00:00","breadcrumb":{"@id":"https:\/\/venus-star-resort.com\/es\/reglas-de-la-casa\/#breadcrumb"},"inLanguage":"es","potentialAction":[{"@type":"ReadAction","target":["https:\/\/venus-star-resort.com\/es\/reglas-de-la-casa\/"]}]},{"@type":"BreadcrumbList","@id":"https:\/\/venus-star-resort.com\/es\/reglas-de-la-casa\/#breadcrumb","itemListElement":[{"@type":"ListItem","position":1,"name":"Startseite","item":"https:\/\/venus-star-resort.com\/es\/"},{"@type":"ListItem","position":2,"name":"Reglas de la Casa"}]},{"@type":"WebSite","@id":"https:\/\/venus-star-resort.com\/fr\/#website","url":"https:\/\/venus-star-resort.com\/fr\/","name":"Venus Star Resort | Gran Canaria","description":"Das Mekka f\u00fcr alle Swinger","potentialAction":[{"@type":"SearchAction","target":{"@type":"EntryPoint","urlTemplate":"https:\/\/venus-star-resort.com\/fr\/?s={search_term_string}"},"query-input":{"@type":"PropertyValueSpecification","valueRequired":true,"valueName":"search_term_string"}}],"inLanguage":"es"}]}},"_links":{"self":[{"href":"https:\/\/venus-star-resort.com\/es\/wp-json\/wp\/v2\/pages\/157","targetHints":{"allow":["GET"]}}],"collection":[{"href":"https:\/\/venus-star-resort.com\/es\/wp-json\/wp\/v2\/pages"}],"about":[{"href":"https:\/\/venus-star-resort.com\/es\/wp-json\/wp\/v2\/types\/page"}],"author":[{"embeddable":true,"href":"https:\/\/venus-star-resort.com\/es\/wp-json\/wp\/v2\/users\/1"}],"replies":[{"embeddable":true,"href":"https:\/\/venus-star-resort.com\/es\/wp-json\/wp\/v2\/comments?post=157"}],"version-history":[{"count":23,"href":"https:\/\/venus-star-resort.com\/es\/wp-json\/wp\/v2\/pages\/157\/revisions"}],"predecessor-version":[{"id":6238,"href":"https:\/\/venus-star-resort.com\/es\/wp-json\/wp\/v2\/pages\/157\/revisions\/6238"}],"wp:attachment":[{"href":"https:\/\/venus-star-resort.com\/es\/wp-json\/wp\/v2\/media?parent=157"}],"curies":[{"name":"wp","href":"https:\/\/api.w.org\/{rel}","templated":true}]}}