{"id":159,"date":"2015-07-30T11:43:11","date_gmt":"2015-07-30T11:43:11","guid":{"rendered":"http:\/\/venus.webdesign-grancanaria.de\/es\/infos\/"},"modified":"2026-01-05T13:58:41","modified_gmt":"2026-01-05T13:58:41","slug":"informacion","status":"publish","type":"page","link":"https:\/\/venus-star-resort.com\/es\/informacion\/","title":{"rendered":"Informaci\u00f3n"},"content":{"rendered":"<p><strong>INFORMACI\u00d3N IMPORTANTE<br \/>\nDel 15 de junio al 5 de julio de 2026, nuestra piscina de hidromasaje permanecer\u00e1 cerrada por obras de renovaci\u00f3n para mejorar tu experiencia de ba\u00f1o.<br \/>\nSi tienes una reserva o piensas hacer una durante este periodo, tenlo en cuenta.<br \/>\n\u00a1Gracias por tu comprensi\u00f3n!<\/strong><\/p>\n<p>&nbsp;<\/p>\n<p><strong><br \/>\nNormas para todos los invitados.<\/strong><\/p>\n<p>Est\u00e1 terminantemente prohibido fumar en las zonas comunes del complejo:<\/p>\n<ul>\n<li>En el restaurante<\/li>\n<li>Zona de la piscina (Comunzone)<\/li>\n<li>Dentro de los bungalows.<\/li>\n<\/ul>\n<p>Zonas de fumadores:<\/p>\n<ul>\n<li>Zona de fumadores en el Comunzone<\/li>\n<li>Terraza del restaurante<\/li>\n<li>Terraza del bungalow<\/li>\n<\/ul>\n<p>Los hu\u00e9spedes de d\u00eda tienen totalmente prohibida la entrada a los bungalows y nuestros hu\u00e9spedes no pueden invitar a hu\u00e9spedes de d\u00eda a su bungalow.<\/p>\n<p>En los meses de junio, julio, agosto y septiembre, se mantiene el r\u00e9gimen de desayuno, pero no se ofrece buffet.<\/p>\n<p>Nuestro personal te asesorar\u00e1 individualmente y ordenar\u00e1 el desayuno seg\u00fan tus deseos.<\/p>\n<p>Est\u00e1 terminantemente prohibido hacer barbacoas en la terraza del bungalow.<\/p>\n<p>La limpieza de los bungalows es obligatoria a diario.<br \/>\nSi no deseas que se limpien los bungalows, te indicamos que no se pueden dejar m\u00e1s de 2 d\u00edas sin limpiar.<br \/>\nEn cualquier caso, las camareras de piso tienen instrucciones de entrar en los bungalows para comprobar su estado.<br \/>\nEn caso de suciedad extrema, se te cobrar\u00e1 un recargo.<\/p>\n<p>&nbsp;<\/p>\n<p>Ten en cuenta que la empresa puede cargar en tu tarjeta los da\u00f1os que se produzcan. Al hacer una reserva aceptas estas condiciones. Si no las aceptas, debes confirm\u00e1rnoslo por escrito, teniendo en cuenta que la reserva se cancelar\u00e1 autom\u00e1ticamente.<\/p>\n<p>&nbsp;<\/p>\n<p>En los dem\u00e1s meses del a\u00f1o hay desayuno buffet. Todas las ma\u00f1anas de 8:30 a 11:00.<\/p>\n<p>Se puede reservar a trav\u00e9s de este sitio web por s\u00f3lo 28 euros por pareja, o los viajeros espont\u00e1neos tambi\u00e9n pueden decidir participar in situ por 16,90 euros por persona.<\/p>\n<p>&nbsp;<\/p>\n<p>Las tumbonas de la zona de la piscina comunitaria est\u00e1n disponibles a partir de las 9 de la ma\u00f1ana. No se admiten reservas.<\/p>\n<p>El uso de c\u00e1maras, tel\u00e9fonos m\u00f3viles, gafas u otros dispositivos que puedan utilizarse para hacer fotos a nuestros hu\u00e9spedes est\u00e1 estrictamente prohibido en todo el complejo.<br \/>\nSi no cumples esta norma, se te pedir\u00e1 que abandones el complejo inmediatamente.<\/p>\n<p>&nbsp;<\/p>\n<p><strong>Bar de la<\/strong> piscina: El bar de la piscina abre todos los d\u00edas de 12.00 a 20.00.<\/p>\n<p><strong>Masajes :<\/strong> Se pueden reservar varios masajistas previa petici\u00f3n. (Informaci\u00f3n en la recepci\u00f3n)<\/p>\n<p>&nbsp;<\/p>\n<p>&nbsp;<\/p>\n","protected":false},"excerpt":{"rendered":"<p>INFORMACI\u00d3N IMPORTANTE Del 15 de junio al 5 de julio de 2026, nuestra piscina de [&hellip;]<\/p>\n","protected":false},"author":1,"featured_media":0,"parent":0,"menu_order":0,"comment_status":"open","ping_status":"open","template":"","meta":{"footnotes":""},"class_list":["post-159","page","type-page","status-publish","hentry"],"yoast_head":"<!-- This site is optimized with the Yoast SEO plugin v26.0 - https:\/\/yoast.com\/wordpress\/plugins\/seo\/ -->\n<title>Informaci\u00f3n - Venus Star Resort | Gran Canaria<\/title>\n<meta name=\"robots\" content=\"index, follow, max-snippet:-1, max-image-preview:large, max-video-preview:-1\" \/>\n<link rel=\"canonical\" href=\"https:\/\/venus-star-resort.com\/es\/informacion\/\" \/>\n<meta property=\"og:locale\" content=\"es_ES\" \/>\n<meta property=\"og:type\" content=\"article\" \/>\n<meta property=\"og:title\" content=\"Informaci\u00f3n - Venus Star Resort | Gran Canaria\" \/>\n<meta property=\"og:description\" content=\"INFORMACI\u00d3N IMPORTANTE Del 15 de junio al 5 de julio de 2026, nuestra piscina de [&hellip;]\" \/>\n<meta property=\"og:url\" content=\"https:\/\/venus-star-resort.com\/es\/informacion\/\" \/>\n<meta property=\"og:site_name\" content=\"Venus Star Resort | Gran Canaria\" \/>\n<meta property=\"article:modified_time\" content=\"2026-01-05T13:58:41+00:00\" \/>\n<meta name=\"twitter:card\" content=\"summary_large_image\" \/>\n<meta name=\"twitter:label1\" content=\"Tiempo de lectura\" \/>\n\t<meta name=\"twitter:data1\" content=\"2 minutos\" \/>\n<script type=\"application\/ld+json\" class=\"yoast-schema-graph\">{\"@context\":\"https:\/\/schema.org\",\"@graph\":[{\"@type\":\"WebPage\",\"@id\":\"https:\/\/venus-star-resort.com\/es\/informacion\/\",\"url\":\"https:\/\/venus-star-resort.com\/es\/informacion\/\",\"name\":\"Informaci\u00f3n - Venus Star Resort | Gran Canaria\",\"isPartOf\":{\"@id\":\"https:\/\/venus-star-resort.com\/fr\/#website\"},\"datePublished\":\"2015-07-30T11:43:11+00:00\",\"dateModified\":\"2026-01-05T13:58:41+00:00\",\"breadcrumb\":{\"@id\":\"https:\/\/venus-star-resort.com\/es\/informacion\/#breadcrumb\"},\"inLanguage\":\"es\",\"potentialAction\":[{\"@type\":\"ReadAction\",\"target\":[\"https:\/\/venus-star-resort.com\/es\/informacion\/\"]}]},{\"@type\":\"BreadcrumbList\",\"@id\":\"https:\/\/venus-star-resort.com\/es\/informacion\/#breadcrumb\",\"itemListElement\":[{\"@type\":\"ListItem\",\"position\":1,\"name\":\"Startseite\",\"item\":\"https:\/\/venus-star-resort.com\/es\/\"},{\"@type\":\"ListItem\",\"position\":2,\"name\":\"Informaci\u00f3n\"}]},{\"@type\":\"WebSite\",\"@id\":\"https:\/\/venus-star-resort.com\/fr\/#website\",\"url\":\"https:\/\/venus-star-resort.com\/fr\/\",\"name\":\"Venus Star Resort | Gran Canaria\",\"description\":\"Das Mekka f\u00fcr alle Swinger\",\"potentialAction\":[{\"@type\":\"SearchAction\",\"target\":{\"@type\":\"EntryPoint\",\"urlTemplate\":\"https:\/\/venus-star-resort.com\/fr\/?s={search_term_string}\"},\"query-input\":{\"@type\":\"PropertyValueSpecification\",\"valueRequired\":true,\"valueName\":\"search_term_string\"}}],\"inLanguage\":\"es\"}]}<\/script>\n<!-- \/ Yoast SEO plugin. -->","yoast_head_json":{"title":"Informaci\u00f3n - Venus Star Resort | Gran Canaria","robots":{"index":"index","follow":"follow","max-snippet":"max-snippet:-1","max-image-preview":"max-image-preview:large","max-video-preview":"max-video-preview:-1"},"canonical":"https:\/\/venus-star-resort.com\/es\/informacion\/","og_locale":"es_ES","og_type":"article","og_title":"Informaci\u00f3n - Venus Star Resort | Gran Canaria","og_description":"INFORMACI\u00d3N IMPORTANTE Del 15 de junio al 5 de julio de 2026, nuestra piscina de [&hellip;]","og_url":"https:\/\/venus-star-resort.com\/es\/informacion\/","og_site_name":"Venus Star Resort | Gran Canaria","article_modified_time":"2026-01-05T13:58:41+00:00","twitter_card":"summary_large_image","twitter_misc":{"Tiempo de lectura":"2 minutos"},"schema":{"@context":"https:\/\/schema.org","@graph":[{"@type":"WebPage","@id":"https:\/\/venus-star-resort.com\/es\/informacion\/","url":"https:\/\/venus-star-resort.com\/es\/informacion\/","name":"Informaci\u00f3n - Venus Star Resort | Gran Canaria","isPartOf":{"@id":"https:\/\/venus-star-resort.com\/fr\/#website"},"datePublished":"2015-07-30T11:43:11+00:00","dateModified":"2026-01-05T13:58:41+00:00","breadcrumb":{"@id":"https:\/\/venus-star-resort.com\/es\/informacion\/#breadcrumb"},"inLanguage":"es","potentialAction":[{"@type":"ReadAction","target":["https:\/\/venus-star-resort.com\/es\/informacion\/"]}]},{"@type":"BreadcrumbList","@id":"https:\/\/venus-star-resort.com\/es\/informacion\/#breadcrumb","itemListElement":[{"@type":"ListItem","position":1,"name":"Startseite","item":"https:\/\/venus-star-resort.com\/es\/"},{"@type":"ListItem","position":2,"name":"Informaci\u00f3n"}]},{"@type":"WebSite","@id":"https:\/\/venus-star-resort.com\/fr\/#website","url":"https:\/\/venus-star-resort.com\/fr\/","name":"Venus Star Resort | Gran Canaria","description":"Das Mekka f\u00fcr alle Swinger","potentialAction":[{"@type":"SearchAction","target":{"@type":"EntryPoint","urlTemplate":"https:\/\/venus-star-resort.com\/fr\/?s={search_term_string}"},"query-input":{"@type":"PropertyValueSpecification","valueRequired":true,"valueName":"search_term_string"}}],"inLanguage":"es"}]}},"_links":{"self":[{"href":"https:\/\/venus-star-resort.com\/es\/wp-json\/wp\/v2\/pages\/159","targetHints":{"allow":["GET"]}}],"collection":[{"href":"https:\/\/venus-star-resort.com\/es\/wp-json\/wp\/v2\/pages"}],"about":[{"href":"https:\/\/venus-star-resort.com\/es\/wp-json\/wp\/v2\/types\/page"}],"author":[{"embeddable":true,"href":"https:\/\/venus-star-resort.com\/es\/wp-json\/wp\/v2\/users\/1"}],"replies":[{"embeddable":true,"href":"https:\/\/venus-star-resort.com\/es\/wp-json\/wp\/v2\/comments?post=159"}],"version-history":[{"count":37,"href":"https:\/\/venus-star-resort.com\/es\/wp-json\/wp\/v2\/pages\/159\/revisions"}],"predecessor-version":[{"id":6462,"href":"https:\/\/venus-star-resort.com\/es\/wp-json\/wp\/v2\/pages\/159\/revisions\/6462"}],"wp:attachment":[{"href":"https:\/\/venus-star-resort.com\/es\/wp-json\/wp\/v2\/media?parent=159"}],"curies":[{"name":"wp","href":"https:\/\/api.w.org\/{rel}","templated":true}]}}