{"id":163,"date":"2015-07-30T11:44:19","date_gmt":"2015-07-30T11:44:19","guid":{"rendered":"http:\/\/venus.webdesign-grancanaria.de\/es\/preise\/"},"modified":"2026-02-12T13:33:09","modified_gmt":"2026-02-12T13:33:09","slug":"precios","status":"publish","type":"page","link":"https:\/\/venus-star-resort.com\/es\/precios\/","title":{"rendered":"Precios"},"content":{"rendered":"\t\t<div data-elementor-type=\"wp-page\" data-elementor-id=\"163\" class=\"elementor elementor-163 elementor-15\" data-elementor-post-type=\"page\">\n\t\t\t\t\t\t<section class=\"elementor-section elementor-top-section elementor-element elementor-element-472fbca elementor-section-boxed elementor-section-height-default elementor-section-height-default\" data-id=\"472fbca\" data-element_type=\"section\">\n\t\t\t\t\t\t<div class=\"elementor-container elementor-column-gap-default\">\n\t\t\t\t\t<div class=\"elementor-column elementor-col-100 elementor-top-column elementor-element elementor-element-cb2c24d\" data-id=\"cb2c24d\" data-element_type=\"column\">\n\t\t\t<div class=\"elementor-widget-wrap elementor-element-populated\">\n\t\t\t\t\t\t<div class=\"elementor-element elementor-element-aed6203 elementor-widget elementor-widget-text-editor\" data-id=\"aed6203\" data-element_type=\"widget\" data-widget_type=\"text-editor.default\">\n\t\t\t\t<div class=\"elementor-widget-container\">\n\t\t\t\t\t\t\t\t\t<h3><strong>LISTA DE PRECIOS VENUS STAR RESORT<\/strong><\/h3>\t\t\t\t\t\t\t\t<\/div>\n\t\t\t\t<\/div>\n\t\t\t\t<div class=\"elementor-element elementor-element-b1d2f05 elementor-widget elementor-widget-accordion\" data-id=\"b1d2f05\" data-element_type=\"widget\" data-widget_type=\"accordion.default\">\n\t\t\t\t<div class=\"elementor-widget-container\">\n\t\t\t\t\t\t\t<div class=\"elementor-accordion\">\n\t\t\t\t\t\t\t<div class=\"elementor-accordion-item\">\n\t\t\t\t\t<div id=\"elementor-tab-title-1861\" class=\"elementor-tab-title\" data-tab=\"1\" role=\"button\" aria-controls=\"elementor-tab-content-1861\" aria-expanded=\"false\">\n\t\t\t\t\t\t\t\t\t\t\t\t\t<span class=\"elementor-accordion-icon elementor-accordion-icon-left\" aria-hidden=\"true\">\n\t\t\t\t\t\t\t\t\t\t\t\t\t\t\t<span class=\"elementor-accordion-icon-closed\"><i class=\"fas fa-plus\"><\/i><\/span>\n\t\t\t\t\t\t\t\t<span class=\"elementor-accordion-icon-opened\"><i class=\"fas fa-minus\"><\/i><\/span>\n\t\t\t\t\t\t\t\t\t\t\t\t\t\t<\/span>\n\t\t\t\t\t\t\t\t\t\t\t\t<a class=\"elementor-accordion-title\" tabindex=\"0\">Precios 2026<\/a>\n\t\t\t\t\t<\/div>\n\t\t\t\t\t<div id=\"elementor-tab-content-1861\" class=\"elementor-tab-content elementor-clearfix\" data-tab=\"1\" role=\"region\" aria-labelledby=\"elementor-tab-title-1861\"><p><a href=\"https:\/\/venus-star-resort.com\/wp-content\/uploads\/precios-2026.jpg\"><img fetchpriority=\"high\" decoding=\"async\" class=\"alignnone size-full wp-image-6522\" src=\"https:\/\/venus-star-resort.com\/wp-content\/uploads\/precios-2026.jpg\" alt=\"\" width=\"1087\" height=\"773\" srcset=\"https:\/\/venus-star-resort.com\/wp-content\/uploads\/precios-2026.jpg 1087w, https:\/\/venus-star-resort.com\/wp-content\/uploads\/precios-2026-300x213.jpg 300w, https:\/\/venus-star-resort.com\/wp-content\/uploads\/precios-2026-1024x728.jpg 1024w, https:\/\/venus-star-resort.com\/wp-content\/uploads\/precios-2026-768x546.jpg 768w\" sizes=\"(max-width: 1087px) 100vw, 1087px\" \/><\/a><\/p><\/div>\n\t\t\t\t<\/div>\n\t\t\t\t\t\t\t<div class=\"elementor-accordion-item\">\n\t\t\t\t\t<div id=\"elementor-tab-title-1862\" class=\"elementor-tab-title\" data-tab=\"2\" role=\"button\" aria-controls=\"elementor-tab-content-1862\" aria-expanded=\"false\">\n\t\t\t\t\t\t\t\t\t\t\t\t\t<span class=\"elementor-accordion-icon elementor-accordion-icon-left\" aria-hidden=\"true\">\n\t\t\t\t\t\t\t\t\t\t\t\t\t\t\t<span class=\"elementor-accordion-icon-closed\"><i class=\"fas fa-plus\"><\/i><\/span>\n\t\t\t\t\t\t\t\t<span class=\"elementor-accordion-icon-opened\"><i class=\"fas fa-minus\"><\/i><\/span>\n\t\t\t\t\t\t\t\t\t\t\t\t\t\t<\/span>\n\t\t\t\t\t\t\t\t\t\t\t\t<a class=\"elementor-accordion-title\" tabindex=\"0\">Precios 2027<\/a>\n\t\t\t\t\t<\/div>\n\t\t\t\t\t<div id=\"elementor-tab-content-1862\" class=\"elementor-tab-content elementor-clearfix\" data-tab=\"2\" role=\"region\" aria-labelledby=\"elementor-tab-title-1862\"><p><a href=\"https:\/\/venus-star-resort.com\/wp-content\/uploads\/precios-2027.jpg\"><img decoding=\"async\" class=\"alignnone size-full wp-image-6537\" src=\"https:\/\/venus-star-resort.com\/wp-content\/uploads\/precios-2027.jpg\" alt=\"\" width=\"1089\" height=\"770\" srcset=\"https:\/\/venus-star-resort.com\/wp-content\/uploads\/precios-2027.jpg 1089w, https:\/\/venus-star-resort.com\/wp-content\/uploads\/precios-2027-300x212.jpg 300w, https:\/\/venus-star-resort.com\/wp-content\/uploads\/precios-2027-1024x724.jpg 1024w, https:\/\/venus-star-resort.com\/wp-content\/uploads\/precios-2027-768x543.jpg 768w\" sizes=\"(max-width: 1089px) 100vw, 1089px\" \/><\/a><\/p><\/div>\n\t\t\t\t<\/div>\n\t\t\t\t\t\t\t\t<\/div>\n\t\t\t\t\t\t<\/div>\n\t\t\t\t<\/div>\n\t\t\t\t\t<\/div>\n\t\t<\/div>\n\t\t\t\t\t<\/div>\n\t\t<\/section>\n\t\t\t\t<section class=\"elementor-section elementor-top-section elementor-element elementor-element-b644486 elementor-section-boxed elementor-section-height-default elementor-section-height-default\" data-id=\"b644486\" data-element_type=\"section\">\n\t\t\t\t\t\t<div class=\"elementor-container elementor-column-gap-default\">\n\t\t\t\t\t<div class=\"elementor-column elementor-col-100 elementor-top-column elementor-element elementor-element-cf2534e\" data-id=\"cf2534e\" data-element_type=\"column\">\n\t\t\t<div class=\"elementor-widget-wrap elementor-element-populated\">\n\t\t\t\t\t\t<div class=\"elementor-element elementor-element-f385f80 elementor-widget elementor-widget-text-editor\" data-id=\"f385f80\" data-element_type=\"widget\" data-widget_type=\"text-editor.default\">\n\t\t\t\t<div class=\"elementor-widget-container\">\n\t\t\t\t\t\t\t\t\t<p><em><strong>INFORMACI\u00d3N IMPORTANTE<\/strong><\/em><br><strong>Del 15 de junio al 5 de julio de 2026, nuestra piscina de hidromasaje permanecer\u00e1 cerrada por obras de renovaci\u00f3n para mejorar tu experiencia de ba\u00f1o.<\/strong><br><strong>Si tienes una reserva o piensas hacer una durante este periodo, tenlo en cuenta.<\/strong><br><strong>Gracias por tu comprensi\u00f3n.<\/strong><\/p>\t\t\t\t\t\t\t\t<\/div>\n\t\t\t\t<\/div>\n\t\t\t\t\t<\/div>\n\t\t<\/div>\n\t\t\t\t\t<\/div>\n\t\t<\/section>\n\t\t\t\t<section class=\"elementor-section elementor-top-section elementor-element elementor-element-75067f8 elementor-section-boxed elementor-section-height-default elementor-section-height-default\" data-id=\"75067f8\" data-element_type=\"section\">\n\t\t\t\t\t\t<div class=\"elementor-container elementor-column-gap-default\">\n\t\t\t\t\t<div class=\"elementor-column elementor-col-100 elementor-top-column elementor-element elementor-element-7bcf5be4\" data-id=\"7bcf5be4\" data-element_type=\"column\">\n\t\t\t<div class=\"elementor-widget-wrap elementor-element-populated\">\n\t\t\t\t\t\t<div class=\"elementor-element elementor-element-55305330 elementor-widget elementor-widget-text-editor\" data-id=\"55305330\" data-element_type=\"widget\" data-widget_type=\"text-editor.default\">\n\t\t\t\t<div class=\"elementor-widget-container\">\n\t\t\t\t\t\t\t\t\t<p><a href=\"https:\/\/www.o-events.de\/shop_content.php?coID=3210128\" target=\"_blank\" rel=\"noopener\"><img decoding=\"async\" class=\"alignnone wp-image-6274 size-full\" src=\"https:\/\/venus-star-resort.com\/wp-content\/uploads\/Party-Pool-und-Palmen-70.png\" alt=\"\" width=\"420\" height=\"630\" srcset=\"https:\/\/venus-star-resort.com\/wp-content\/uploads\/Party-Pool-und-Palmen-70.png 420w, https:\/\/venus-star-resort.com\/wp-content\/uploads\/Party-Pool-und-Palmen-70-200x300.png 200w\" sizes=\"(max-width: 420px) 100vw, 420px\" \/><\/a><\/p>\n<p><strong>Desayuno buffet<\/strong>: de 8.30 a 11.00 h. Precio: 16,90\u20ac d\u00eda\/persona.<\/p>\n<p><strong>Desayuno para toda la estancia: <\/strong>28\u20ac d\u00eda\/pareja.<\/p>\n<p><strong style=\"color: var( --e-global-color-text ); font-family: var( --e-global-typography-text-font-family ), Sans-serif;\">Traslado (aeropuerto) 45<\/strong><span style=\"color: var( --e-global-color-text ); font-family: var( --e-global-typography-text-font-family ), Sans-serif; font-weight: var( --e-global-typography-text-font-weight );\">por trayecto<\/span><\/p>\n<p><strong>Masajes, actividades, otras fiestas y eventos :<\/strong> ver avisos en el bar y\/o recepci\u00f3n<\/p>\n<p>\u00a0<\/p>\n<p>\u00a0<\/p>\n<p>\u00a0<\/p>\t\t\t\t\t\t\t\t<\/div>\n\t\t\t\t<\/div>\n\t\t\t\t\t<\/div>\n\t\t<\/div>\n\t\t\t\t\t<\/div>\n\t\t<\/section>\n\t\t\t\t<\/div>\n\t\t","protected":false},"excerpt":{"rendered":"<p>LISTA DE PRECIOS VENUS STAR RESORT Precios 2026 Precios 2027 INFORMACI\u00d3N IMPORTANTEDel 15 de junio [&hellip;]<\/p>\n","protected":false},"author":3,"featured_media":0,"parent":0,"menu_order":0,"comment_status":"open","ping_status":"open","template":"","meta":{"footnotes":""},"class_list":["post-163","page","type-page","status-publish","hentry"],"yoast_head":"<!-- This site is optimized with the Yoast SEO plugin v26.0 - https:\/\/yoast.com\/wordpress\/plugins\/seo\/ -->\n<title>Precios - Venus Star Resort | Gran Canaria<\/title>\n<meta name=\"robots\" content=\"index, follow, max-snippet:-1, max-image-preview:large, max-video-preview:-1\" \/>\n<link rel=\"canonical\" href=\"https:\/\/venus-star-resort.com\/es\/precios\/\" \/>\n<meta property=\"og:locale\" content=\"es_ES\" \/>\n<meta property=\"og:type\" content=\"article\" \/>\n<meta property=\"og:title\" content=\"Precios - Venus Star Resort | Gran Canaria\" \/>\n<meta property=\"og:description\" content=\"LISTA DE PRECIOS VENUS STAR RESORT Precios 2026 Precios 2027 INFORMACI\u00d3N IMPORTANTEDel 15 de junio [&hellip;]\" \/>\n<meta property=\"og:url\" content=\"https:\/\/venus-star-resort.com\/es\/precios\/\" \/>\n<meta property=\"og:site_name\" content=\"Venus Star Resort | Gran Canaria\" \/>\n<meta property=\"article:modified_time\" content=\"2026-02-12T13:33:09+00:00\" \/>\n<meta property=\"og:image\" content=\"https:\/\/venus-star-resort.com\/wp-content\/uploads\/precios-2026.jpg\" \/>\n\t<meta property=\"og:image:width\" content=\"1087\" \/>\n\t<meta property=\"og:image:height\" content=\"773\" \/>\n\t<meta property=\"og:image:type\" content=\"image\/jpeg\" \/>\n<meta name=\"twitter:card\" content=\"summary_large_image\" \/>\n<meta name=\"twitter:label1\" content=\"Tiempo de lectura\" \/>\n\t<meta name=\"twitter:data1\" content=\"2 minutos\" \/>\n<script type=\"application\/ld+json\" class=\"yoast-schema-graph\">{\"@context\":\"https:\/\/schema.org\",\"@graph\":[{\"@type\":\"WebPage\",\"@id\":\"https:\/\/venus-star-resort.com\/es\/precios\/\",\"url\":\"https:\/\/venus-star-resort.com\/es\/precios\/\",\"name\":\"Precios - Venus Star Resort | Gran Canaria\",\"isPartOf\":{\"@id\":\"https:\/\/venus-star-resort.com\/fr\/#website\"},\"primaryImageOfPage\":{\"@id\":\"https:\/\/venus-star-resort.com\/es\/precios\/#primaryimage\"},\"image\":{\"@id\":\"https:\/\/venus-star-resort.com\/es\/precios\/#primaryimage\"},\"thumbnailUrl\":\"https:\/\/venus-star-resort.com\/wp-content\/uploads\/precios-2026.jpg\",\"datePublished\":\"2015-07-30T11:44:19+00:00\",\"dateModified\":\"2026-02-12T13:33:09+00:00\",\"breadcrumb\":{\"@id\":\"https:\/\/venus-star-resort.com\/es\/precios\/#breadcrumb\"},\"inLanguage\":\"es\",\"potentialAction\":[{\"@type\":\"ReadAction\",\"target\":[\"https:\/\/venus-star-resort.com\/es\/precios\/\"]}]},{\"@type\":\"ImageObject\",\"inLanguage\":\"es\",\"@id\":\"https:\/\/venus-star-resort.com\/es\/precios\/#primaryimage\",\"url\":\"https:\/\/venus-star-resort.com\/wp-content\/uploads\/precios-2026.jpg\",\"contentUrl\":\"https:\/\/venus-star-resort.com\/wp-content\/uploads\/precios-2026.jpg\"},{\"@type\":\"BreadcrumbList\",\"@id\":\"https:\/\/venus-star-resort.com\/es\/precios\/#breadcrumb\",\"itemListElement\":[{\"@type\":\"ListItem\",\"position\":1,\"name\":\"Startseite\",\"item\":\"https:\/\/venus-star-resort.com\/es\/\"},{\"@type\":\"ListItem\",\"position\":2,\"name\":\"Precios\"}]},{\"@type\":\"WebSite\",\"@id\":\"https:\/\/venus-star-resort.com\/fr\/#website\",\"url\":\"https:\/\/venus-star-resort.com\/fr\/\",\"name\":\"Venus Star Resort | Gran Canaria\",\"description\":\"Das Mekka f\u00fcr alle Swinger\",\"potentialAction\":[{\"@type\":\"SearchAction\",\"target\":{\"@type\":\"EntryPoint\",\"urlTemplate\":\"https:\/\/venus-star-resort.com\/fr\/?s={search_term_string}\"},\"query-input\":{\"@type\":\"PropertyValueSpecification\",\"valueRequired\":true,\"valueName\":\"search_term_string\"}}],\"inLanguage\":\"es\"}]}<\/script>\n<!-- \/ Yoast SEO plugin. -->","yoast_head_json":{"title":"Precios - Venus Star Resort | Gran Canaria","robots":{"index":"index","follow":"follow","max-snippet":"max-snippet:-1","max-image-preview":"max-image-preview:large","max-video-preview":"max-video-preview:-1"},"canonical":"https:\/\/venus-star-resort.com\/es\/precios\/","og_locale":"es_ES","og_type":"article","og_title":"Precios - Venus Star Resort | Gran Canaria","og_description":"LISTA DE PRECIOS VENUS STAR RESORT Precios 2026 Precios 2027 INFORMACI\u00d3N IMPORTANTEDel 15 de junio [&hellip;]","og_url":"https:\/\/venus-star-resort.com\/es\/precios\/","og_site_name":"Venus Star Resort | Gran Canaria","article_modified_time":"2026-02-12T13:33:09+00:00","og_image":[{"width":1087,"height":773,"url":"https:\/\/venus-star-resort.com\/wp-content\/uploads\/precios-2026.jpg","type":"image\/jpeg"}],"twitter_card":"summary_large_image","twitter_misc":{"Tiempo de lectura":"2 minutos"},"schema":{"@context":"https:\/\/schema.org","@graph":[{"@type":"WebPage","@id":"https:\/\/venus-star-resort.com\/es\/precios\/","url":"https:\/\/venus-star-resort.com\/es\/precios\/","name":"Precios - Venus Star Resort | Gran Canaria","isPartOf":{"@id":"https:\/\/venus-star-resort.com\/fr\/#website"},"primaryImageOfPage":{"@id":"https:\/\/venus-star-resort.com\/es\/precios\/#primaryimage"},"image":{"@id":"https:\/\/venus-star-resort.com\/es\/precios\/#primaryimage"},"thumbnailUrl":"https:\/\/venus-star-resort.com\/wp-content\/uploads\/precios-2026.jpg","datePublished":"2015-07-30T11:44:19+00:00","dateModified":"2026-02-12T13:33:09+00:00","breadcrumb":{"@id":"https:\/\/venus-star-resort.com\/es\/precios\/#breadcrumb"},"inLanguage":"es","potentialAction":[{"@type":"ReadAction","target":["https:\/\/venus-star-resort.com\/es\/precios\/"]}]},{"@type":"ImageObject","inLanguage":"es","@id":"https:\/\/venus-star-resort.com\/es\/precios\/#primaryimage","url":"https:\/\/venus-star-resort.com\/wp-content\/uploads\/precios-2026.jpg","contentUrl":"https:\/\/venus-star-resort.com\/wp-content\/uploads\/precios-2026.jpg"},{"@type":"BreadcrumbList","@id":"https:\/\/venus-star-resort.com\/es\/precios\/#breadcrumb","itemListElement":[{"@type":"ListItem","position":1,"name":"Startseite","item":"https:\/\/venus-star-resort.com\/es\/"},{"@type":"ListItem","position":2,"name":"Precios"}]},{"@type":"WebSite","@id":"https:\/\/venus-star-resort.com\/fr\/#website","url":"https:\/\/venus-star-resort.com\/fr\/","name":"Venus Star Resort | Gran Canaria","description":"Das Mekka f\u00fcr alle Swinger","potentialAction":[{"@type":"SearchAction","target":{"@type":"EntryPoint","urlTemplate":"https:\/\/venus-star-resort.com\/fr\/?s={search_term_string}"},"query-input":{"@type":"PropertyValueSpecification","valueRequired":true,"valueName":"search_term_string"}}],"inLanguage":"es"}]}},"_links":{"self":[{"href":"https:\/\/venus-star-resort.com\/es\/wp-json\/wp\/v2\/pages\/163","targetHints":{"allow":["GET"]}}],"collection":[{"href":"https:\/\/venus-star-resort.com\/es\/wp-json\/wp\/v2\/pages"}],"about":[{"href":"https:\/\/venus-star-resort.com\/es\/wp-json\/wp\/v2\/types\/page"}],"author":[{"embeddable":true,"href":"https:\/\/venus-star-resort.com\/es\/wp-json\/wp\/v2\/users\/3"}],"replies":[{"embeddable":true,"href":"https:\/\/venus-star-resort.com\/es\/wp-json\/wp\/v2\/comments?post=163"}],"version-history":[{"count":113,"href":"https:\/\/venus-star-resort.com\/es\/wp-json\/wp\/v2\/pages\/163\/revisions"}],"predecessor-version":[{"id":6558,"href":"https:\/\/venus-star-resort.com\/es\/wp-json\/wp\/v2\/pages\/163\/revisions\/6558"}],"wp:attachment":[{"href":"https:\/\/venus-star-resort.com\/es\/wp-json\/wp\/v2\/media?parent=163"}],"curies":[{"name":"wp","href":"https:\/\/api.w.org\/{rel}","templated":true}]}}