{"id":230,"date":"2015-07-30T11:41:16","date_gmt":"2015-07-30T11:41:16","guid":{"rendered":"http:\/\/venus.webdesign-grancanaria.de\/fr\/die-bungalows\/"},"modified":"2021-12-21T16:03:11","modified_gmt":"2021-12-21T16:03:11","slug":"les-bungalows","status":"publish","type":"page","link":"https:\/\/venus-star-resort.com\/fr\/les-bungalows\/","title":{"rendered":"Les Bungalows"},"content":{"rendered":"\t\t<div data-elementor-type=\"wp-page\" data-elementor-id=\"230\" class=\"elementor elementor-230 elementor-9\" data-elementor-post-type=\"page\">\n\t\t\t\t\t\t<section class=\"elementor-section elementor-top-section elementor-element elementor-element-243c8225 elementor-section-boxed elementor-section-height-default elementor-section-height-default\" data-id=\"243c8225\" data-element_type=\"section\">\n\t\t\t\t\t\t<div class=\"elementor-container elementor-column-gap-default\">\n\t\t\t\t\t<div class=\"elementor-column elementor-col-100 elementor-top-column elementor-element elementor-element-22634ef9\" data-id=\"22634ef9\" data-element_type=\"column\">\n\t\t\t<div class=\"elementor-widget-wrap elementor-element-populated\">\n\t\t\t\t\t\t<div class=\"elementor-element elementor-element-15af3f04 elementor-widget elementor-widget-text-editor\" data-id=\"15af3f04\" data-element_type=\"widget\" data-widget_type=\"text-editor.default\">\n\t\t\t\t<div class=\"elementor-widget-container\">\n\t\t\t\t\t\t\t\t\t<h2>Les Bungalows<\/h2>\n<p>Les am\u00e9nagements ext\u00e9rieurs du complexe poss\u00e8dent une piscine, un grand jacuzzi, un sauna, un bar, une table de massage. Un autre point qui nous a convaincu de choisir ce complexe est l\u2019endroit d\u00e9tente de 100m2 avec espace coquins et plusieurs endroits discrets dont vous pouvez disposer jour et nuit.<\/p>\t\t\t\t\t\t\t\t<\/div>\n\t\t\t\t<\/div>\n\t\t\t\t<div class=\"elementor-element elementor-element-4d97051e elementor-widget elementor-widget-gallery\" data-id=\"4d97051e\" data-element_type=\"widget\" data-settings=\"{&quot;gallery_layout&quot;:&quot;justified&quot;,&quot;lazyload&quot;:&quot;yes&quot;,&quot;ideal_row_height&quot;:{&quot;unit&quot;:&quot;px&quot;,&quot;size&quot;:200,&quot;sizes&quot;:[]},&quot;ideal_row_height_tablet&quot;:{&quot;unit&quot;:&quot;px&quot;,&quot;size&quot;:150,&quot;sizes&quot;:[]},&quot;ideal_row_height_mobile&quot;:{&quot;unit&quot;:&quot;px&quot;,&quot;size&quot;:150,&quot;sizes&quot;:[]},&quot;gap&quot;:{&quot;unit&quot;:&quot;px&quot;,&quot;size&quot;:10,&quot;sizes&quot;:[]},&quot;gap_tablet&quot;:{&quot;unit&quot;:&quot;px&quot;,&quot;size&quot;:10,&quot;sizes&quot;:[]},&quot;gap_mobile&quot;:{&quot;unit&quot;:&quot;px&quot;,&quot;size&quot;:10,&quot;sizes&quot;:[]},&quot;link_to&quot;:&quot;file&quot;,&quot;overlay_background&quot;:&quot;yes&quot;,&quot;content_hover_animation&quot;:&quot;fade-in&quot;}\" data-widget_type=\"gallery.default\">\n\t\t\t\t<div class=\"elementor-widget-container\">\n\t\t\t\t\t\t\t<div class=\"elementor-gallery__container\">\n\t\t\t\t\t\t\t<a class=\"e-gallery-item elementor-gallery-item elementor-animated-content\" href=\"https:\/\/venus-star-resort.com\/wp-content\/uploads\/Cama-180-x-2.00-scaled.jpg\" data-elementor-open-lightbox=\"yes\" data-elementor-lightbox-slideshow=\"4d97051e\" data-e-action-hash=\"#elementor-action%3Aaction%3Dlightbox%26settings%3DeyJpZCI6NDQ0MSwidXJsIjoiaHR0cHM6XC9cL3ZlbnVzLXN0YXItcmVzb3J0LmNvbVwvd3AtY29udGVudFwvdXBsb2Fkc1wvQ2FtYS0xODAteC0yLjAwLXNjYWxlZC5qcGciLCJzbGlkZXNob3ciOiI0ZDk3MDUxZSJ9\">\n\t\t\t\t\t<div class=\"e-gallery-image elementor-gallery-item__image\" data-thumbnail=\"https:\/\/venus-star-resort.com\/wp-content\/uploads\/Cama-180-x-2.00-300x225.jpg\" data-width=\"300\" data-height=\"225\" aria-label=\"\" role=\"img\" ><\/div>\n\t\t\t\t\t\t\t\t\t\t\t<div class=\"elementor-gallery-item__overlay\"><\/div>\n\t\t\t\t\t\t\t\t\t\t\t\t\t\t<\/a>\n\t\t\t\t\t\t\t<a class=\"e-gallery-item elementor-gallery-item elementor-animated-content\" href=\"https:\/\/venus-star-resort.com\/wp-content\/uploads\/Espejo-fondo.jpg\" data-elementor-open-lightbox=\"yes\" data-elementor-lightbox-slideshow=\"4d97051e\" data-e-action-hash=\"#elementor-action%3Aaction%3Dlightbox%26settings%3DeyJpZCI6MjE4MCwidXJsIjoiaHR0cHM6XC9cL3ZlbnVzLXN0YXItcmVzb3J0LmNvbVwvd3AtY29udGVudFwvdXBsb2Fkc1wvRXNwZWpvLWZvbmRvLmpwZyIsInNsaWRlc2hvdyI6IjRkOTcwNTFlIn0%3D\">\n\t\t\t\t\t<div class=\"e-gallery-image elementor-gallery-item__image\" data-thumbnail=\"https:\/\/venus-star-resort.com\/wp-content\/uploads\/Espejo-fondo-300x225.jpg\" data-width=\"300\" data-height=\"225\" aria-label=\"\" role=\"img\" ><\/div>\n\t\t\t\t\t\t\t\t\t\t\t<div class=\"elementor-gallery-item__overlay\"><\/div>\n\t\t\t\t\t\t\t\t\t\t\t\t\t\t<\/a>\n\t\t\t\t\t\t\t<a class=\"e-gallery-item elementor-gallery-item elementor-animated-content\" href=\"https:\/\/venus-star-resort.com\/wp-content\/uploads\/Sal\u00f3n-cortinas.jpg\" data-elementor-open-lightbox=\"yes\" data-elementor-lightbox-slideshow=\"4d97051e\" data-e-action-hash=\"#elementor-action%3Aaction%3Dlightbox%26settings%3DeyJpZCI6MjEyNSwidXJsIjoiaHR0cHM6XC9cL3ZlbnVzLXN0YXItcmVzb3J0LmNvbVwvd3AtY29udGVudFwvdXBsb2Fkc1wvU2FsXHUwMGYzbi1jb3J0aW5hcy5qcGciLCJzbGlkZXNob3ciOiI0ZDk3MDUxZSJ9\">\n\t\t\t\t\t<div class=\"e-gallery-image elementor-gallery-item__image\" data-thumbnail=\"https:\/\/venus-star-resort.com\/wp-content\/uploads\/Sal\u00f3n-cortinas-300x225.jpg\" data-width=\"300\" data-height=\"225\" aria-label=\"\" role=\"img\" ><\/div>\n\t\t\t\t\t\t\t\t\t\t\t<div class=\"elementor-gallery-item__overlay\"><\/div>\n\t\t\t\t\t\t\t\t\t\t\t\t\t\t<\/a>\n\t\t\t\t\t\t\t<a class=\"e-gallery-item elementor-gallery-item elementor-animated-content\" href=\"https:\/\/venus-star-resort.com\/wp-content\/uploads\/Mueble-TV.jpg\" data-elementor-open-lightbox=\"yes\" data-elementor-lightbox-slideshow=\"4d97051e\" data-e-action-hash=\"#elementor-action%3Aaction%3Dlightbox%26settings%3DeyJpZCI6MjEzNSwidXJsIjoiaHR0cHM6XC9cL3ZlbnVzLXN0YXItcmVzb3J0LmNvbVwvd3AtY29udGVudFwvdXBsb2Fkc1wvTXVlYmxlLVRWLmpwZyIsInNsaWRlc2hvdyI6IjRkOTcwNTFlIn0%3D\">\n\t\t\t\t\t<div class=\"e-gallery-image elementor-gallery-item__image\" data-thumbnail=\"https:\/\/venus-star-resort.com\/wp-content\/uploads\/Mueble-TV-300x225.jpg\" data-width=\"300\" data-height=\"225\" aria-label=\"\" role=\"img\" ><\/div>\n\t\t\t\t\t\t\t\t\t\t\t<div class=\"elementor-gallery-item__overlay\"><\/div>\n\t\t\t\t\t\t\t\t\t\t\t\t\t\t<\/a>\n\t\t\t\t\t\t\t<a class=\"e-gallery-item elementor-gallery-item elementor-animated-content\" href=\"https:\/\/venus-star-resort.com\/wp-content\/uploads\/Rinc\u00f3n-cocina.jpg\" data-elementor-open-lightbox=\"yes\" data-elementor-lightbox-slideshow=\"4d97051e\" data-e-action-hash=\"#elementor-action%3Aaction%3Dlightbox%26settings%3DeyJpZCI6MjE0MCwidXJsIjoiaHR0cHM6XC9cL3ZlbnVzLXN0YXItcmVzb3J0LmNvbVwvd3AtY29udGVudFwvdXBsb2Fkc1wvUmluY1x1MDBmM24tY29jaW5hLmpwZyIsInNsaWRlc2hvdyI6IjRkOTcwNTFlIn0%3D\">\n\t\t\t\t\t<div class=\"e-gallery-image elementor-gallery-item__image\" data-thumbnail=\"https:\/\/venus-star-resort.com\/wp-content\/uploads\/Rinc\u00f3n-cocina-300x225.jpg\" data-width=\"300\" data-height=\"225\" aria-label=\"\" role=\"img\" ><\/div>\n\t\t\t\t\t\t\t\t\t\t\t<div class=\"elementor-gallery-item__overlay\"><\/div>\n\t\t\t\t\t\t\t\t\t\t\t\t\t\t<\/a>\n\t\t\t\t\t\t\t<a class=\"e-gallery-item elementor-gallery-item elementor-animated-content\" href=\"https:\/\/venus-star-resort.com\/wp-content\/uploads\/Sal\u00f3n-TV-y-cocina.jpg\" data-elementor-open-lightbox=\"yes\" data-elementor-lightbox-slideshow=\"4d97051e\" data-e-action-hash=\"#elementor-action%3Aaction%3Dlightbox%26settings%3DeyJpZCI6MjE0NSwidXJsIjoiaHR0cHM6XC9cL3ZlbnVzLXN0YXItcmVzb3J0LmNvbVwvd3AtY29udGVudFwvdXBsb2Fkc1wvU2FsXHUwMGYzbi1UVi15LWNvY2luYS5qcGciLCJzbGlkZXNob3ciOiI0ZDk3MDUxZSJ9\">\n\t\t\t\t\t<div class=\"e-gallery-image elementor-gallery-item__image\" data-thumbnail=\"https:\/\/venus-star-resort.com\/wp-content\/uploads\/Sal\u00f3n-TV-y-cocina-300x172.jpg\" data-width=\"300\" data-height=\"172\" aria-label=\"\" role=\"img\" ><\/div>\n\t\t\t\t\t\t\t\t\t\t\t<div class=\"elementor-gallery-item__overlay\"><\/div>\n\t\t\t\t\t\t\t\t\t\t\t\t\t\t<\/a>\n\t\t\t\t\t\t\t<a class=\"e-gallery-item elementor-gallery-item elementor-animated-content\" href=\"https:\/\/venus-star-resort.com\/wp-content\/uploads\/Detalle-cojin-cortina-scaled.jpg\" data-elementor-open-lightbox=\"yes\" data-elementor-lightbox-slideshow=\"4d97051e\" data-e-action-hash=\"#elementor-action%3Aaction%3Dlightbox%26settings%3DeyJpZCI6NDQ0NSwidXJsIjoiaHR0cHM6XC9cL3ZlbnVzLXN0YXItcmVzb3J0LmNvbVwvd3AtY29udGVudFwvdXBsb2Fkc1wvRGV0YWxsZS1jb2ppbi1jb3J0aW5hLXNjYWxlZC5qcGciLCJzbGlkZXNob3ciOiI0ZDk3MDUxZSJ9\">\n\t\t\t\t\t<div class=\"e-gallery-image elementor-gallery-item__image\" data-thumbnail=\"https:\/\/venus-star-resort.com\/wp-content\/uploads\/Detalle-cojin-cortina-225x300.jpg\" data-width=\"225\" data-height=\"300\" aria-label=\"\" role=\"img\" ><\/div>\n\t\t\t\t\t\t\t\t\t\t\t<div class=\"elementor-gallery-item__overlay\"><\/div>\n\t\t\t\t\t\t\t\t\t\t\t\t\t\t<\/a>\n\t\t\t\t\t\t\t<a class=\"e-gallery-item elementor-gallery-item elementor-animated-content\" href=\"https:\/\/venus-star-resort.com\/wp-content\/uploads\/Sof\u00e1.jpg\" data-elementor-open-lightbox=\"yes\" data-elementor-lightbox-slideshow=\"4d97051e\" data-e-action-hash=\"#elementor-action%3Aaction%3Dlightbox%26settings%3DeyJpZCI6MjE1MCwidXJsIjoiaHR0cHM6XC9cL3ZlbnVzLXN0YXItcmVzb3J0LmNvbVwvd3AtY29udGVudFwvdXBsb2Fkc1wvU29mXHUwMGUxLmpwZyIsInNsaWRlc2hvdyI6IjRkOTcwNTFlIn0%3D\">\n\t\t\t\t\t<div class=\"e-gallery-image elementor-gallery-item__image\" data-thumbnail=\"https:\/\/venus-star-resort.com\/wp-content\/uploads\/Sof\u00e1-300x225.jpg\" data-width=\"300\" data-height=\"225\" aria-label=\"\" role=\"img\" ><\/div>\n\t\t\t\t\t\t\t\t\t\t\t<div class=\"elementor-gallery-item__overlay\"><\/div>\n\t\t\t\t\t\t\t\t\t\t\t\t\t\t<\/a>\n\t\t\t\t\t\t\t<a class=\"e-gallery-item elementor-gallery-item elementor-animated-content\" href=\"https:\/\/venus-star-resort.com\/wp-content\/uploads\/Terraza-e1640083077321.jpg\" data-elementor-open-lightbox=\"yes\" data-elementor-lightbox-slideshow=\"4d97051e\" data-e-action-hash=\"#elementor-action%3Aaction%3Dlightbox%26settings%3DeyJpZCI6MjE1NSwidXJsIjoiaHR0cHM6XC9cL3ZlbnVzLXN0YXItcmVzb3J0LmNvbVwvd3AtY29udGVudFwvdXBsb2Fkc1wvVGVycmF6YS1lMTY0MDA4MzA3NzMyMS5qcGciLCJzbGlkZXNob3ciOiI0ZDk3MDUxZSJ9\">\n\t\t\t\t\t<div class=\"e-gallery-image elementor-gallery-item__image\" data-thumbnail=\"https:\/\/venus-star-resort.com\/wp-content\/uploads\/Terraza-e1640083077321-225x300.jpg\" data-width=\"225\" data-height=\"300\" aria-label=\"\" role=\"img\" ><\/div>\n\t\t\t\t\t\t\t\t\t\t\t<div class=\"elementor-gallery-item__overlay\"><\/div>\n\t\t\t\t\t\t\t\t\t\t\t\t\t\t<\/a>\n\t\t\t\t\t\t\t<a class=\"e-gallery-item elementor-gallery-item elementor-animated-content\" href=\"https:\/\/venus-star-resort.com\/wp-content\/uploads\/Armario-e1640083092795.jpg\" data-elementor-open-lightbox=\"yes\" data-elementor-lightbox-slideshow=\"4d97051e\" data-e-action-hash=\"#elementor-action%3Aaction%3Dlightbox%26settings%3DeyJpZCI6MjE2MCwidXJsIjoiaHR0cHM6XC9cL3ZlbnVzLXN0YXItcmVzb3J0LmNvbVwvd3AtY29udGVudFwvdXBsb2Fkc1wvQXJtYXJpby1lMTY0MDA4MzA5Mjc5NS5qcGciLCJzbGlkZXNob3ciOiI0ZDk3MDUxZSJ9\">\n\t\t\t\t\t<div class=\"e-gallery-image elementor-gallery-item__image\" data-thumbnail=\"https:\/\/venus-star-resort.com\/wp-content\/uploads\/Armario-e1640083092795-225x300.jpg\" data-width=\"225\" data-height=\"300\" aria-label=\"\" role=\"img\" ><\/div>\n\t\t\t\t\t\t\t\t\t\t\t<div class=\"elementor-gallery-item__overlay\"><\/div>\n\t\t\t\t\t\t\t\t\t\t\t\t\t\t<\/a>\n\t\t\t\t\t\t\t<a class=\"e-gallery-item elementor-gallery-item elementor-animated-content\" href=\"https:\/\/venus-star-resort.com\/wp-content\/uploads\/Habitacion-puerta-scaled.jpg\" data-elementor-open-lightbox=\"yes\" data-elementor-lightbox-slideshow=\"4d97051e\" data-e-action-hash=\"#elementor-action%3Aaction%3Dlightbox%26settings%3DeyJpZCI6NDQzMywidXJsIjoiaHR0cHM6XC9cL3ZlbnVzLXN0YXItcmVzb3J0LmNvbVwvd3AtY29udGVudFwvdXBsb2Fkc1wvSGFiaXRhY2lvbi1wdWVydGEtc2NhbGVkLmpwZyIsInNsaWRlc2hvdyI6IjRkOTcwNTFlIn0%3D\">\n\t\t\t\t\t<div class=\"e-gallery-image elementor-gallery-item__image\" data-thumbnail=\"https:\/\/venus-star-resort.com\/wp-content\/uploads\/Habitacion-puerta-300x197.jpg\" data-width=\"300\" data-height=\"197\" aria-label=\"\" role=\"img\" ><\/div>\n\t\t\t\t\t\t\t\t\t\t\t<div class=\"elementor-gallery-item__overlay\"><\/div>\n\t\t\t\t\t\t\t\t\t\t\t\t\t\t<\/a>\n\t\t\t\t\t\t\t<a class=\"e-gallery-item elementor-gallery-item elementor-animated-content\" href=\"https:\/\/venus-star-resort.com\/wp-content\/uploads\/Mesa-cocina-e1640083062331.jpg\" data-elementor-open-lightbox=\"yes\" data-elementor-lightbox-slideshow=\"4d97051e\" data-e-action-hash=\"#elementor-action%3Aaction%3Dlightbox%26settings%3DeyJpZCI6MjE5MCwidXJsIjoiaHR0cHM6XC9cL3ZlbnVzLXN0YXItcmVzb3J0LmNvbVwvd3AtY29udGVudFwvdXBsb2Fkc1wvTWVzYS1jb2NpbmEtZTE2NDAwODMwNjIzMzEuanBnIiwic2xpZGVzaG93IjoiNGQ5NzA1MWUifQ%3D%3D\">\n\t\t\t\t\t<div class=\"e-gallery-image elementor-gallery-item__image\" data-thumbnail=\"https:\/\/venus-star-resort.com\/wp-content\/uploads\/Mesa-cocina-e1640083062331-225x300.jpg\" data-width=\"225\" data-height=\"300\" aria-label=\"\" role=\"img\" ><\/div>\n\t\t\t\t\t\t\t\t\t\t\t<div class=\"elementor-gallery-item__overlay\"><\/div>\n\t\t\t\t\t\t\t\t\t\t\t\t\t\t<\/a>\n\t\t\t\t\t\t\t<a class=\"e-gallery-item elementor-gallery-item elementor-animated-content\" href=\"https:\/\/venus-star-resort.com\/wp-content\/uploads\/Cocina-e1640083049114.jpg\" data-elementor-open-lightbox=\"yes\" data-elementor-lightbox-slideshow=\"4d97051e\" data-e-action-hash=\"#elementor-action%3Aaction%3Dlightbox%26settings%3DeyJpZCI6MjE3MCwidXJsIjoiaHR0cHM6XC9cL3ZlbnVzLXN0YXItcmVzb3J0LmNvbVwvd3AtY29udGVudFwvdXBsb2Fkc1wvQ29jaW5hLWUxNjQwMDgzMDQ5MTE0LmpwZyIsInNsaWRlc2hvdyI6IjRkOTcwNTFlIn0%3D\">\n\t\t\t\t\t<div class=\"e-gallery-image elementor-gallery-item__image\" data-thumbnail=\"https:\/\/venus-star-resort.com\/wp-content\/uploads\/Cocina-e1640083049114-225x300.jpg\" data-width=\"225\" data-height=\"300\" aria-label=\"\" role=\"img\" ><\/div>\n\t\t\t\t\t\t\t\t\t\t\t<div class=\"elementor-gallery-item__overlay\"><\/div>\n\t\t\t\t\t\t\t\t\t\t\t\t\t\t<\/a>\n\t\t\t\t\t\t\t<a class=\"e-gallery-item elementor-gallery-item elementor-animated-content\" href=\"https:\/\/venus-star-resort.com\/wp-content\/uploads\/Armario-2-scaled.jpg\" data-elementor-open-lightbox=\"yes\" data-elementor-lightbox-slideshow=\"4d97051e\" data-e-action-hash=\"#elementor-action%3Aaction%3Dlightbox%26settings%3DeyJpZCI6NDQzNywidXJsIjoiaHR0cHM6XC9cL3ZlbnVzLXN0YXItcmVzb3J0LmNvbVwvd3AtY29udGVudFwvdXBsb2Fkc1wvQXJtYXJpby0yLXNjYWxlZC5qcGciLCJzbGlkZXNob3ciOiI0ZDk3MDUxZSJ9\">\n\t\t\t\t\t<div class=\"e-gallery-image elementor-gallery-item__image\" data-thumbnail=\"https:\/\/venus-star-resort.com\/wp-content\/uploads\/Armario-2-225x300.jpg\" data-width=\"225\" data-height=\"300\" aria-label=\"\" role=\"img\" ><\/div>\n\t\t\t\t\t\t\t\t\t\t\t<div class=\"elementor-gallery-item__overlay\"><\/div>\n\t\t\t\t\t\t\t\t\t\t\t\t\t\t<\/a>\n\t\t\t\t\t<\/div>\n\t\t\t\t\t<\/div>\n\t\t\t\t<\/div>\n\t\t\t\t\t<\/div>\n\t\t<\/div>\n\t\t\t\t\t<\/div>\n\t\t<\/section>\n\t\t\t\t<\/div>\n\t\t","protected":false},"excerpt":{"rendered":"<p>Les Bungalows Les am\u00e9nagements ext\u00e9rieurs du complexe poss\u00e8dent une piscine, un grand jacuzzi, un sauna, [&hellip;]<\/p>\n","protected":false},"author":1,"featured_media":3462,"parent":0,"menu_order":0,"comment_status":"closed","ping_status":"closed","template":"","meta":{"footnotes":""},"class_list":["post-230","page","type-page","status-publish","has-post-thumbnail","hentry"],"yoast_head":"<!-- This site is optimized with the Yoast SEO plugin v26.0 - https:\/\/yoast.com\/wordpress\/plugins\/seo\/ -->\n<title>Les Bungalows - Venus Star Resort | Gran Canaria<\/title>\n<meta name=\"robots\" content=\"index, follow, max-snippet:-1, max-image-preview:large, max-video-preview:-1\" \/>\n<link rel=\"canonical\" href=\"https:\/\/venus-star-resort.com\/fr\/les-bungalows\/\" \/>\n<meta property=\"og:locale\" content=\"fr_FR\" \/>\n<meta property=\"og:type\" content=\"article\" \/>\n<meta property=\"og:title\" content=\"Les Bungalows - Venus Star Resort | Gran Canaria\" \/>\n<meta property=\"og:description\" content=\"Les Bungalows Les am\u00e9nagements ext\u00e9rieurs du complexe poss\u00e8dent une piscine, un grand jacuzzi, un sauna, [&hellip;]\" \/>\n<meta property=\"og:url\" content=\"https:\/\/venus-star-resort.com\/fr\/les-bungalows\/\" \/>\n<meta property=\"og:site_name\" content=\"Venus Star Resort | Gran Canaria\" \/>\n<meta property=\"article:modified_time\" content=\"2021-12-21T16:03:11+00:00\" \/>\n<meta property=\"og:image\" content=\"https:\/\/venus-star-resort.com\/wp-content\/uploads\/IMG-8457.jpg\" \/>\n\t<meta property=\"og:image:width\" content=\"2048\" \/>\n\t<meta property=\"og:image:height\" content=\"1536\" \/>\n\t<meta property=\"og:image:type\" content=\"image\/jpeg\" \/>\n<meta name=\"twitter:card\" content=\"summary_large_image\" \/>\n<meta name=\"twitter:label1\" content=\"Dur\u00e9e de lecture estim\u00e9e\" \/>\n\t<meta name=\"twitter:data1\" content=\"1 minute\" \/>\n<script type=\"application\/ld+json\" class=\"yoast-schema-graph\">{\"@context\":\"https:\/\/schema.org\",\"@graph\":[{\"@type\":\"WebPage\",\"@id\":\"https:\/\/venus-star-resort.com\/fr\/les-bungalows\/\",\"url\":\"https:\/\/venus-star-resort.com\/fr\/les-bungalows\/\",\"name\":\"Les Bungalows - Venus Star Resort | Gran Canaria\",\"isPartOf\":{\"@id\":\"https:\/\/venus-star-resort.com\/fr\/#website\"},\"primaryImageOfPage\":{\"@id\":\"https:\/\/venus-star-resort.com\/fr\/les-bungalows\/#primaryimage\"},\"image\":{\"@id\":\"https:\/\/venus-star-resort.com\/fr\/les-bungalows\/#primaryimage\"},\"thumbnailUrl\":\"https:\/\/venus-star-resort.com\/wp-content\/uploads\/IMG-8457.jpg\",\"datePublished\":\"2015-07-30T11:41:16+00:00\",\"dateModified\":\"2021-12-21T16:03:11+00:00\",\"breadcrumb\":{\"@id\":\"https:\/\/venus-star-resort.com\/fr\/les-bungalows\/#breadcrumb\"},\"inLanguage\":\"fr-FR\",\"potentialAction\":[{\"@type\":\"ReadAction\",\"target\":[\"https:\/\/venus-star-resort.com\/fr\/les-bungalows\/\"]}]},{\"@type\":\"ImageObject\",\"inLanguage\":\"fr-FR\",\"@id\":\"https:\/\/venus-star-resort.com\/fr\/les-bungalows\/#primaryimage\",\"url\":\"https:\/\/venus-star-resort.com\/wp-content\/uploads\/IMG-8457.jpg\",\"contentUrl\":\"https:\/\/venus-star-resort.com\/wp-content\/uploads\/IMG-8457.jpg\",\"width\":2048,\"height\":1536},{\"@type\":\"BreadcrumbList\",\"@id\":\"https:\/\/venus-star-resort.com\/fr\/les-bungalows\/#breadcrumb\",\"itemListElement\":[{\"@type\":\"ListItem\",\"position\":1,\"name\":\"Startseite\",\"item\":\"https:\/\/venus-star-resort.com\/fr\/\"},{\"@type\":\"ListItem\",\"position\":2,\"name\":\"Les Bungalows\"}]},{\"@type\":\"WebSite\",\"@id\":\"https:\/\/venus-star-resort.com\/fr\/#website\",\"url\":\"https:\/\/venus-star-resort.com\/fr\/\",\"name\":\"Venus Star Resort | Gran Canaria\",\"description\":\"Das Mekka f\u00fcr alle Swinger\",\"potentialAction\":[{\"@type\":\"SearchAction\",\"target\":{\"@type\":\"EntryPoint\",\"urlTemplate\":\"https:\/\/venus-star-resort.com\/fr\/?s={search_term_string}\"},\"query-input\":{\"@type\":\"PropertyValueSpecification\",\"valueRequired\":true,\"valueName\":\"search_term_string\"}}],\"inLanguage\":\"fr-FR\"}]}<\/script>\n<!-- \/ Yoast SEO plugin. -->","yoast_head_json":{"title":"Les Bungalows - Venus Star Resort | Gran Canaria","robots":{"index":"index","follow":"follow","max-snippet":"max-snippet:-1","max-image-preview":"max-image-preview:large","max-video-preview":"max-video-preview:-1"},"canonical":"https:\/\/venus-star-resort.com\/fr\/les-bungalows\/","og_locale":"fr_FR","og_type":"article","og_title":"Les Bungalows - Venus Star Resort | Gran Canaria","og_description":"Les Bungalows Les am\u00e9nagements ext\u00e9rieurs du complexe poss\u00e8dent une piscine, un grand jacuzzi, un sauna, [&hellip;]","og_url":"https:\/\/venus-star-resort.com\/fr\/les-bungalows\/","og_site_name":"Venus Star Resort | Gran Canaria","article_modified_time":"2021-12-21T16:03:11+00:00","og_image":[{"width":2048,"height":1536,"url":"https:\/\/venus-star-resort.com\/wp-content\/uploads\/IMG-8457.jpg","type":"image\/jpeg"}],"twitter_card":"summary_large_image","twitter_misc":{"Dur\u00e9e de lecture estim\u00e9e":"1 minute"},"schema":{"@context":"https:\/\/schema.org","@graph":[{"@type":"WebPage","@id":"https:\/\/venus-star-resort.com\/fr\/les-bungalows\/","url":"https:\/\/venus-star-resort.com\/fr\/les-bungalows\/","name":"Les Bungalows - Venus Star Resort | Gran Canaria","isPartOf":{"@id":"https:\/\/venus-star-resort.com\/fr\/#website"},"primaryImageOfPage":{"@id":"https:\/\/venus-star-resort.com\/fr\/les-bungalows\/#primaryimage"},"image":{"@id":"https:\/\/venus-star-resort.com\/fr\/les-bungalows\/#primaryimage"},"thumbnailUrl":"https:\/\/venus-star-resort.com\/wp-content\/uploads\/IMG-8457.jpg","datePublished":"2015-07-30T11:41:16+00:00","dateModified":"2021-12-21T16:03:11+00:00","breadcrumb":{"@id":"https:\/\/venus-star-resort.com\/fr\/les-bungalows\/#breadcrumb"},"inLanguage":"fr-FR","potentialAction":[{"@type":"ReadAction","target":["https:\/\/venus-star-resort.com\/fr\/les-bungalows\/"]}]},{"@type":"ImageObject","inLanguage":"fr-FR","@id":"https:\/\/venus-star-resort.com\/fr\/les-bungalows\/#primaryimage","url":"https:\/\/venus-star-resort.com\/wp-content\/uploads\/IMG-8457.jpg","contentUrl":"https:\/\/venus-star-resort.com\/wp-content\/uploads\/IMG-8457.jpg","width":2048,"height":1536},{"@type":"BreadcrumbList","@id":"https:\/\/venus-star-resort.com\/fr\/les-bungalows\/#breadcrumb","itemListElement":[{"@type":"ListItem","position":1,"name":"Startseite","item":"https:\/\/venus-star-resort.com\/fr\/"},{"@type":"ListItem","position":2,"name":"Les Bungalows"}]},{"@type":"WebSite","@id":"https:\/\/venus-star-resort.com\/fr\/#website","url":"https:\/\/venus-star-resort.com\/fr\/","name":"Venus Star Resort | Gran Canaria","description":"Das Mekka f\u00fcr alle Swinger","potentialAction":[{"@type":"SearchAction","target":{"@type":"EntryPoint","urlTemplate":"https:\/\/venus-star-resort.com\/fr\/?s={search_term_string}"},"query-input":{"@type":"PropertyValueSpecification","valueRequired":true,"valueName":"search_term_string"}}],"inLanguage":"fr-FR"}]}},"_links":{"self":[{"href":"https:\/\/venus-star-resort.com\/fr\/wp-json\/wp\/v2\/pages\/230","targetHints":{"allow":["GET"]}}],"collection":[{"href":"https:\/\/venus-star-resort.com\/fr\/wp-json\/wp\/v2\/pages"}],"about":[{"href":"https:\/\/venus-star-resort.com\/fr\/wp-json\/wp\/v2\/types\/page"}],"author":[{"embeddable":true,"href":"https:\/\/venus-star-resort.com\/fr\/wp-json\/wp\/v2\/users\/1"}],"replies":[{"embeddable":true,"href":"https:\/\/venus-star-resort.com\/fr\/wp-json\/wp\/v2\/comments?post=230"}],"version-history":[{"count":10,"href":"https:\/\/venus-star-resort.com\/fr\/wp-json\/wp\/v2\/pages\/230\/revisions"}],"predecessor-version":[{"id":4627,"href":"https:\/\/venus-star-resort.com\/fr\/wp-json\/wp\/v2\/pages\/230\/revisions\/4627"}],"wp:featuredmedia":[{"embeddable":true,"href":"https:\/\/venus-star-resort.com\/fr\/wp-json\/wp\/v2\/media\/3462"}],"wp:attachment":[{"href":"https:\/\/venus-star-resort.com\/fr\/wp-json\/wp\/v2\/media?parent=230"}],"curies":[{"name":"wp","href":"https:\/\/api.w.org\/{rel}","templated":true}]}}