{"id":244,"date":"2015-07-30T11:41:51","date_gmt":"2015-07-30T11:41:51","guid":{"rendered":"http:\/\/venus.webdesign-grancanaria.de\/fr\/die-anlage\/"},"modified":"2024-12-25T10:15:35","modified_gmt":"2024-12-25T10:15:35","slug":"le-complexe","status":"publish","type":"page","link":"https:\/\/venus-star-resort.com\/fr\/le-complexe\/","title":{"rendered":"Le complexe"},"content":{"rendered":"\t\t<div data-elementor-type=\"wp-page\" data-elementor-id=\"244\" class=\"elementor elementor-244 elementor-11\" data-elementor-post-type=\"page\">\n\t\t\t\t\t\t<section class=\"elementor-section elementor-top-section elementor-element elementor-element-5431c481 elementor-section-boxed elementor-section-height-default elementor-section-height-default\" data-id=\"5431c481\" data-element_type=\"section\">\n\t\t\t\t\t\t<div class=\"elementor-container elementor-column-gap-default\">\n\t\t\t\t\t<div class=\"elementor-column elementor-col-100 elementor-top-column elementor-element elementor-element-dacbc0d\" data-id=\"dacbc0d\" data-element_type=\"column\">\n\t\t\t<div class=\"elementor-widget-wrap elementor-element-populated\">\n\t\t\t\t\t\t\t<\/div>\n\t\t<\/div>\n\t\t\t\t\t<\/div>\n\t\t<\/section>\n\t\t\t\t<section class=\"elementor-section elementor-top-section elementor-element elementor-element-1c13b2e elementor-section-boxed elementor-section-height-default elementor-section-height-default\" data-id=\"1c13b2e\" data-element_type=\"section\">\n\t\t\t\t\t\t<div class=\"elementor-container elementor-column-gap-default\">\n\t\t\t\t\t<div class=\"elementor-column elementor-col-100 elementor-top-column elementor-element elementor-element-80c1b61\" data-id=\"80c1b61\" data-element_type=\"column\">\n\t\t\t<div class=\"elementor-widget-wrap elementor-element-populated\">\n\t\t\t\t\t\t<div class=\"elementor-element elementor-element-1d9b23e5 elementor-widget elementor-widget-text-editor\" data-id=\"1d9b23e5\" data-element_type=\"widget\" data-widget_type=\"text-editor.default\">\n\t\t\t\t<div class=\"elementor-widget-container\">\n\t\t\t\t\t\t\t\t\t<h2>Notre complexe<\/h2>\n<p>Apr\u00e8s une longue recherche et planification, nous avons enfin trouv\u00e9 fin 2017 l&rsquo;objet ad\u00e9quat pour notre <strong>\u00ab\u00a0Resort naturiste &#8211; \u00e9changiste\u00a0\u00bb.<\/strong> Cela n&rsquo;a pas \u00e9t\u00e9 facile, car il fallait remplir les crit\u00e8res les plus divers afin d&rsquo;offrir \u00e0 nos futurs h\u00f4tes les meilleures conditions pour un s\u00e9jour inoubliable. Voici ce qui en est ressorti : Un complexe de bungalows bien entretenu avec 53 unit\u00e9s sur une surface g\u00e9n\u00e9reuse d&rsquo;environ 10000 m\u00e8tres carr\u00e9s, sans voisins directs, au c\u0153ur de Sonnenland. La plage de Meloneras est \u00e0 environ 3 kilom\u00e8tres et celle de Playa del Ingles \u00e0 environ 2,5 kilom\u00e8tres. Les centres commerciaux populaires sont \u00e0 environ 5 minutes en voiture. Des taxis et un arr\u00eat de bus avec des liaisons directes vers la plage et diff\u00e9rents endroits de l&rsquo;\u00eele se trouvent \u00e0 proximit\u00e9 imm\u00e9diate. Les installations ext\u00e9rieures avec piscine, grand jacuzzi, bar, sauna ( (octobre \u00e0 avril), espace massage, studio de cosmetic et un studio de fitness vous offrent de nombreuses possibilit\u00e9s de d\u00e9tente et de plaisir. Un autre point qui nous a convaincus de l&rsquo;objet est l&rsquo;espace int\u00e9rieur de 100 m\u00b2 qui est \u00e0 votre disposition jour et nuit avec ses diff\u00e9rentes aires de jeux et diverses possibilit\u00e9s de jeux.<\/p>\n<p><strong>Pour tous nos h\u00f4tes, qu&rsquo;ils vivent dans un bungalow ou qu&rsquo;ils soient invit\u00e9s \u00e0 la journ\u00e9e, il est strictement interdit de r\u00e9server les chaises longues dans la zone commune. Lorsque vous quittez la zone de la piscine, vous devez enlever vos biens et les laisser libres.<\/strong><\/p>\n<p><strong>Les h\u00f4tes journaliers (couples et dames en solo, pas d&rsquo;hommes seuls) sont les bienvenus et peuvent utiliser les espaces ext\u00e9rieurs et int\u00e9rieurs du complexe pendant leur s\u00e9jour.<\/strong><\/p>\n<p>\u00a0<\/p>\t\t\t\t\t\t\t\t<\/div>\n\t\t\t\t<\/div>\n\t\t\t\t<div class=\"elementor-element elementor-element-f911294 elementor-widget elementor-widget-gallery\" data-id=\"f911294\" data-element_type=\"widget\" data-settings=\"{&quot;gallery_layout&quot;:&quot;justified&quot;,&quot;lazyload&quot;:&quot;yes&quot;,&quot;ideal_row_height&quot;:{&quot;unit&quot;:&quot;px&quot;,&quot;size&quot;:200,&quot;sizes&quot;:[]},&quot;ideal_row_height_tablet&quot;:{&quot;unit&quot;:&quot;px&quot;,&quot;size&quot;:150,&quot;sizes&quot;:[]},&quot;ideal_row_height_mobile&quot;:{&quot;unit&quot;:&quot;px&quot;,&quot;size&quot;:150,&quot;sizes&quot;:[]},&quot;gap&quot;:{&quot;unit&quot;:&quot;px&quot;,&quot;size&quot;:10,&quot;sizes&quot;:[]},&quot;gap_tablet&quot;:{&quot;unit&quot;:&quot;px&quot;,&quot;size&quot;:10,&quot;sizes&quot;:[]},&quot;gap_mobile&quot;:{&quot;unit&quot;:&quot;px&quot;,&quot;size&quot;:10,&quot;sizes&quot;:[]},&quot;link_to&quot;:&quot;file&quot;,&quot;overlay_background&quot;:&quot;yes&quot;,&quot;content_hover_animation&quot;:&quot;fade-in&quot;}\" data-widget_type=\"gallery.default\">\n\t\t\t\t<div class=\"elementor-widget-container\">\n\t\t\t\t\t\t\t<div class=\"elementor-gallery__container\">\n\t\t\t\t\t\t\t<a class=\"e-gallery-item elementor-gallery-item elementor-animated-content\" href=\"https:\/\/venus-star-resort.com\/wp-content\/uploads\/IMG-8457.jpg\" data-elementor-open-lightbox=\"yes\" data-elementor-lightbox-slideshow=\"f911294\" data-e-action-hash=\"#elementor-action%3Aaction%3Dlightbox%26settings%3DeyJpZCI6MzQ2MywidXJsIjoiaHR0cHM6XC9cL3ZlbnVzLXN0YXItcmVzb3J0LmNvbVwvd3AtY29udGVudFwvdXBsb2Fkc1wvSU1HLTg0NTcuanBnIiwic2xpZGVzaG93IjoiZjkxMTI5NCJ9\">\n\t\t\t\t\t<div class=\"e-gallery-image elementor-gallery-item__image\" data-thumbnail=\"https:\/\/venus-star-resort.com\/wp-content\/uploads\/IMG-8457-300x225.jpg\" data-width=\"300\" data-height=\"225\" aria-label=\"\" role=\"img\" ><\/div>\n\t\t\t\t\t\t\t\t\t\t\t<div class=\"elementor-gallery-item__overlay\"><\/div>\n\t\t\t\t\t\t\t\t\t\t\t\t\t\t<\/a>\n\t\t\t\t\t\t\t<a class=\"e-gallery-item elementor-gallery-item elementor-animated-content\" href=\"https:\/\/venus-star-resort.com\/wp-content\/uploads\/FOTO-PRINCIPAL--scaled.jpg\" data-elementor-open-lightbox=\"yes\" data-elementor-lightbox-slideshow=\"f911294\" data-e-action-hash=\"#elementor-action%3Aaction%3Dlightbox%26settings%3DeyJpZCI6NDQxNCwidXJsIjoiaHR0cHM6XC9cL3ZlbnVzLXN0YXItcmVzb3J0LmNvbVwvd3AtY29udGVudFwvdXBsb2Fkc1wvRk9UTy1QUklOQ0lQQUwtLXNjYWxlZC5qcGciLCJzbGlkZXNob3ciOiJmOTExMjk0In0%3D\">\n\t\t\t\t\t<div class=\"e-gallery-image elementor-gallery-item__image\" data-thumbnail=\"https:\/\/venus-star-resort.com\/wp-content\/uploads\/FOTO-PRINCIPAL--300x225.jpg\" data-width=\"300\" data-height=\"225\" aria-label=\"\" role=\"img\" ><\/div>\n\t\t\t\t\t\t\t\t\t\t\t<div class=\"elementor-gallery-item__overlay\"><\/div>\n\t\t\t\t\t\t\t\t\t\t\t\t\t\t<\/a>\n\t\t\t\t\t\t\t<a class=\"e-gallery-item elementor-gallery-item elementor-animated-content\" href=\"https:\/\/venus-star-resort.com\/wp-content\/uploads\/13.jpg\" data-elementor-open-lightbox=\"yes\" data-elementor-lightbox-slideshow=\"f911294\" data-e-action-hash=\"#elementor-action%3Aaction%3Dlightbox%26settings%3DeyJpZCI6NDQ2MywidXJsIjoiaHR0cHM6XC9cL3ZlbnVzLXN0YXItcmVzb3J0LmNvbVwvd3AtY29udGVudFwvdXBsb2Fkc1wvMTMuanBnIiwic2xpZGVzaG93IjoiZjkxMTI5NCJ9\">\n\t\t\t\t\t<div class=\"e-gallery-image elementor-gallery-item__image\" data-thumbnail=\"https:\/\/venus-star-resort.com\/wp-content\/uploads\/13-300x169.jpg\" data-width=\"300\" data-height=\"169\" aria-label=\"\" role=\"img\" ><\/div>\n\t\t\t\t\t\t\t\t\t\t\t<div class=\"elementor-gallery-item__overlay\"><\/div>\n\t\t\t\t\t\t\t\t\t\t\t\t\t\t<\/a>\n\t\t\t\t\t\t\t<a class=\"e-gallery-item elementor-gallery-item elementor-animated-content\" href=\"https:\/\/venus-star-resort.com\/wp-content\/uploads\/IMG-8278.jpg\" data-elementor-open-lightbox=\"yes\" data-elementor-lightbox-slideshow=\"f911294\" data-e-action-hash=\"#elementor-action%3Aaction%3Dlightbox%26settings%3DeyJpZCI6MzQwOCwidXJsIjoiaHR0cHM6XC9cL3ZlbnVzLXN0YXItcmVzb3J0LmNvbVwvd3AtY29udGVudFwvdXBsb2Fkc1wvSU1HLTgyNzguanBnIiwic2xpZGVzaG93IjoiZjkxMTI5NCJ9\">\n\t\t\t\t\t<div class=\"e-gallery-image elementor-gallery-item__image\" data-thumbnail=\"https:\/\/venus-star-resort.com\/wp-content\/uploads\/IMG-8278-300x225.jpg\" data-width=\"300\" data-height=\"225\" aria-label=\"\" role=\"img\" ><\/div>\n\t\t\t\t\t\t\t\t\t\t\t<div class=\"elementor-gallery-item__overlay\"><\/div>\n\t\t\t\t\t\t\t\t\t\t\t\t\t\t<\/a>\n\t\t\t\t\t<\/div>\n\t\t\t\t\t<\/div>\n\t\t\t\t<\/div>\n\t\t\t\t\t<\/div>\n\t\t<\/div>\n\t\t\t\t\t<\/div>\n\t\t<\/section>\n\t\t\t\t<\/div>\n\t\t","protected":false},"excerpt":{"rendered":"<p>Notre complexe Apr\u00e8s une longue recherche et planification, nous avons enfin trouv\u00e9 fin 2017 l&rsquo;objet [&hellip;]<\/p>\n","protected":false},"author":1,"featured_media":0,"parent":0,"menu_order":0,"comment_status":"open","ping_status":"open","template":"","meta":{"footnotes":""},"class_list":["post-244","page","type-page","status-publish","hentry"],"yoast_head":"<!-- This site is optimized with the Yoast SEO plugin v26.0 - https:\/\/yoast.com\/wordpress\/plugins\/seo\/ -->\n<title>Le complexe - Venus Star Resort | Gran Canaria<\/title>\n<meta name=\"robots\" content=\"index, follow, max-snippet:-1, max-image-preview:large, max-video-preview:-1\" \/>\n<link rel=\"canonical\" href=\"https:\/\/venus-star-resort.com\/fr\/le-complexe\/\" \/>\n<meta property=\"og:locale\" content=\"fr_FR\" \/>\n<meta property=\"og:type\" content=\"article\" \/>\n<meta property=\"og:title\" content=\"Le complexe - Venus Star Resort | Gran Canaria\" \/>\n<meta property=\"og:description\" content=\"Notre complexe Apr\u00e8s une longue recherche et planification, nous avons enfin trouv\u00e9 fin 2017 l&rsquo;objet [&hellip;]\" \/>\n<meta property=\"og:url\" content=\"https:\/\/venus-star-resort.com\/fr\/le-complexe\/\" \/>\n<meta property=\"og:site_name\" content=\"Venus Star Resort | Gran Canaria\" \/>\n<meta property=\"article:modified_time\" content=\"2024-12-25T10:15:35+00:00\" \/>\n<meta name=\"twitter:card\" content=\"summary_large_image\" \/>\n<meta name=\"twitter:label1\" content=\"Dur\u00e9e de lecture estim\u00e9e\" \/>\n\t<meta name=\"twitter:data1\" content=\"2 minutes\" \/>\n<script type=\"application\/ld+json\" class=\"yoast-schema-graph\">{\"@context\":\"https:\/\/schema.org\",\"@graph\":[{\"@type\":\"WebPage\",\"@id\":\"https:\/\/venus-star-resort.com\/fr\/le-complexe\/\",\"url\":\"https:\/\/venus-star-resort.com\/fr\/le-complexe\/\",\"name\":\"Le complexe - Venus Star Resort | Gran Canaria\",\"isPartOf\":{\"@id\":\"https:\/\/venus-star-resort.com\/fr\/#website\"},\"datePublished\":\"2015-07-30T11:41:51+00:00\",\"dateModified\":\"2024-12-25T10:15:35+00:00\",\"breadcrumb\":{\"@id\":\"https:\/\/venus-star-resort.com\/fr\/le-complexe\/#breadcrumb\"},\"inLanguage\":\"fr-FR\",\"potentialAction\":[{\"@type\":\"ReadAction\",\"target\":[\"https:\/\/venus-star-resort.com\/fr\/le-complexe\/\"]}]},{\"@type\":\"BreadcrumbList\",\"@id\":\"https:\/\/venus-star-resort.com\/fr\/le-complexe\/#breadcrumb\",\"itemListElement\":[{\"@type\":\"ListItem\",\"position\":1,\"name\":\"Startseite\",\"item\":\"https:\/\/venus-star-resort.com\/fr\/\"},{\"@type\":\"ListItem\",\"position\":2,\"name\":\"Le complexe\"}]},{\"@type\":\"WebSite\",\"@id\":\"https:\/\/venus-star-resort.com\/fr\/#website\",\"url\":\"https:\/\/venus-star-resort.com\/fr\/\",\"name\":\"Venus Star Resort | Gran Canaria\",\"description\":\"Das Mekka f\u00fcr alle Swinger\",\"potentialAction\":[{\"@type\":\"SearchAction\",\"target\":{\"@type\":\"EntryPoint\",\"urlTemplate\":\"https:\/\/venus-star-resort.com\/fr\/?s={search_term_string}\"},\"query-input\":{\"@type\":\"PropertyValueSpecification\",\"valueRequired\":true,\"valueName\":\"search_term_string\"}}],\"inLanguage\":\"fr-FR\"}]}<\/script>\n<!-- \/ Yoast SEO plugin. -->","yoast_head_json":{"title":"Le complexe - Venus Star Resort | Gran Canaria","robots":{"index":"index","follow":"follow","max-snippet":"max-snippet:-1","max-image-preview":"max-image-preview:large","max-video-preview":"max-video-preview:-1"},"canonical":"https:\/\/venus-star-resort.com\/fr\/le-complexe\/","og_locale":"fr_FR","og_type":"article","og_title":"Le complexe - Venus Star Resort | Gran Canaria","og_description":"Notre complexe Apr\u00e8s une longue recherche et planification, nous avons enfin trouv\u00e9 fin 2017 l&rsquo;objet [&hellip;]","og_url":"https:\/\/venus-star-resort.com\/fr\/le-complexe\/","og_site_name":"Venus Star Resort | Gran Canaria","article_modified_time":"2024-12-25T10:15:35+00:00","twitter_card":"summary_large_image","twitter_misc":{"Dur\u00e9e de lecture estim\u00e9e":"2 minutes"},"schema":{"@context":"https:\/\/schema.org","@graph":[{"@type":"WebPage","@id":"https:\/\/venus-star-resort.com\/fr\/le-complexe\/","url":"https:\/\/venus-star-resort.com\/fr\/le-complexe\/","name":"Le complexe - Venus Star Resort | Gran Canaria","isPartOf":{"@id":"https:\/\/venus-star-resort.com\/fr\/#website"},"datePublished":"2015-07-30T11:41:51+00:00","dateModified":"2024-12-25T10:15:35+00:00","breadcrumb":{"@id":"https:\/\/venus-star-resort.com\/fr\/le-complexe\/#breadcrumb"},"inLanguage":"fr-FR","potentialAction":[{"@type":"ReadAction","target":["https:\/\/venus-star-resort.com\/fr\/le-complexe\/"]}]},{"@type":"BreadcrumbList","@id":"https:\/\/venus-star-resort.com\/fr\/le-complexe\/#breadcrumb","itemListElement":[{"@type":"ListItem","position":1,"name":"Startseite","item":"https:\/\/venus-star-resort.com\/fr\/"},{"@type":"ListItem","position":2,"name":"Le complexe"}]},{"@type":"WebSite","@id":"https:\/\/venus-star-resort.com\/fr\/#website","url":"https:\/\/venus-star-resort.com\/fr\/","name":"Venus Star Resort | Gran Canaria","description":"Das Mekka f\u00fcr alle Swinger","potentialAction":[{"@type":"SearchAction","target":{"@type":"EntryPoint","urlTemplate":"https:\/\/venus-star-resort.com\/fr\/?s={search_term_string}"},"query-input":{"@type":"PropertyValueSpecification","valueRequired":true,"valueName":"search_term_string"}}],"inLanguage":"fr-FR"}]}},"_links":{"self":[{"href":"https:\/\/venus-star-resort.com\/fr\/wp-json\/wp\/v2\/pages\/244","targetHints":{"allow":["GET"]}}],"collection":[{"href":"https:\/\/venus-star-resort.com\/fr\/wp-json\/wp\/v2\/pages"}],"about":[{"href":"https:\/\/venus-star-resort.com\/fr\/wp-json\/wp\/v2\/types\/page"}],"author":[{"embeddable":true,"href":"https:\/\/venus-star-resort.com\/fr\/wp-json\/wp\/v2\/users\/1"}],"replies":[{"embeddable":true,"href":"https:\/\/venus-star-resort.com\/fr\/wp-json\/wp\/v2\/comments?post=244"}],"version-history":[{"count":88,"href":"https:\/\/venus-star-resort.com\/fr\/wp-json\/wp\/v2\/pages\/244\/revisions"}],"predecessor-version":[{"id":6225,"href":"https:\/\/venus-star-resort.com\/fr\/wp-json\/wp\/v2\/pages\/244\/revisions\/6225"}],"wp:attachment":[{"href":"https:\/\/venus-star-resort.com\/fr\/wp-json\/wp\/v2\/media?parent=244"}],"curies":[{"name":"wp","href":"https:\/\/api.w.org\/{rel}","templated":true}]}}