{"id":248,"date":"2015-07-31T12:30:29","date_gmt":"2015-07-31T12:30:29","guid":{"rendered":"http:\/\/venus.webdesign-grancanaria.de\/fr\/events\/"},"modified":"2025-10-04T11:32:20","modified_gmt":"2025-10-04T11:32:20","slug":"partys-evenements","status":"publish","type":"page","link":"https:\/\/venus-star-resort.com\/fr\/partys-evenements\/","title":{"rendered":"Partys-Ev\u00e9nements"},"content":{"rendered":"<p>Les visiteurs d&rsquo;un jour sont les bienvenus du lundi au dimanche de 12h00 \u00e0 20h00.<\/p>\n<p>Visitez notre Venus Star Resort, o\u00f9 des \u00e9v\u00e9nements diff\u00e9rents sont organis\u00e9s chaque jour.<\/p>\n<p><strong>\u00c9V\u00c9NEMENTS HEBDOMADAIRES<\/strong><\/p>\n<p><strong>\u00c0 PARTIR DU 01 octubre 2025<\/strong><\/p>\n<p>lundi : CAVA &#8211; SEKT &#8211; PARTY &#8230;&#8230;&#8230;&#8230;&#8230;&#8230;&#8230;&#8230;&#8230;&#8230;&#8230;&#8230;&#8230;. 40\u20ac<br \/>\nmardi : YOUNG MEET &#8211; PARTY + HAPPY HOUR&#8230;&#8230;&#8230;&#8230;&#8230;&#8230;&#8230; 40\u20ac<br \/>\nmercredi : Kabads \u00ac Pizzas\u00a0\u00a0 &#8230;&#8230;&#8230;&#8230;&#8230;&#8230;&#8230;&#8230;&#8230;&#8230;&#8230;&#8230;&#8230;&#8230;&#8230;&#8230; 40\u20ac<br \/>\njeudi : FOAM PARTY &#8230;&#8230;&#8230;&#8230;&#8230;&#8230;&#8230;&#8230;&#8230;&#8230;&#8230;&#8230;&#8230;&#8230;&#8230;.. 50\u20ac<br \/>\nvendredi : POOL PARTY &#8230;&#8230;&#8230;&#8230;&#8230;&#8230;&#8230;&#8230;&#8230;&#8230;&#8230;&#8230;&#8230;&#8230;&#8230;&#8230; 40\u20ac<br \/>\nsamedi : Relaxing Your Body Massage &#8230;&#8230;&#8230;&#8230;&#8230;&#8230;&#8230;&#8230;&#8230;&#8230;&#8230;&#8230;&#8230;&#8230;&#8230;.. 40\u20ac<br \/>\ndimanche : Cirque Venus Star\u00a0 \u00a0\u00a0 &#8230;&#8230;&#8230;&#8230;&#8230;&#8230;&#8230;&#8230;&#8230;&#8230;&#8230;&#8230;&#8230;&#8230;&#8230;..50\u20ac<\/p>\n<p><strong>CLIENTS VIP :<\/strong> l&rsquo;entr\u00e9e co\u00fbte 30 \u20ac.<br \/>\n<strong>FEMMES VOYAGEANT SEULES :<\/strong> l&rsquo;entr\u00e9e co\u00fbte 20 \u20ac.<br \/>\n<strong>Carte journali\u00e8re\/Day Pass :<\/strong> le prix d\u00e9pend du jour et de l&rsquo;\u00e9v\u00e9nement. Si vous r\u00e9servez les 7 jours, le prix est de 240 \u20ac (aucun remboursement en cas d&rsquo;absence).<\/p>\n<p>&nbsp;<\/p>\n<p><strong>INTERDICTION DE FAIRE LA F\u00caTE DANS LES BUNGALOWS <\/strong><br \/>\n\u00c0 tous nos clients.<br \/>\nSi vous souhaitez organiser une f\u00eate dans notre complexe, veuillez contacter la direction afin que nous puissions l&rsquo;organiser ensemble. La direction d\u00e9corera la salle choisie et vous proposera un prix sp\u00e9cial pour le menu en fonction du nombre de participants.<\/p>\n<p>\n<strong>Il est interdit de cuisiner sur la terrasse des bungalows.<\/strong><\/p>\n<p>&nbsp;<\/p>\n<p>Des casiers, deux serviettes et des chaises longues de luxe sont \u00e0 votre disposition.<\/p>\n<p>Nous n&rsquo;acceptons pas les r\u00e9servations pour les visiteurs d&rsquo;un jour.<\/p>\n<p>Notre resort est obligatoirement nudiste.<\/p>\n<p>Nous n&rsquo;acceptons que les couples ( homme et femme) et les femmes seules.<\/p>\n<p><strong><br \/>\n\u00c9V\u00c9NEMENTS SP\u00c9CIAUX \u00c0 CES DATES :<\/strong><\/p>\n<p>Du <strong>1 au 8 f\u00e9vrier 2026<\/strong> et du<strong> 10 au 17 mai 2026<\/strong><\/p>\n<p>\u00a0R\u00c9SERVATIONS UNIQUEMENT PAR LE BIAIS DES LIENS SUIVANTS :<\/p>\n<p><a href=\"https:\/\/www.swinger-travel.de\/\"><img decoding=\"async\" class=\"alignnone size-full wp-image-5827\" src=\"https:\/\/venus-star-resort.com\/wp-content\/uploads\/Bild2.png\" alt=\"\" width=\"312\" height=\"81\" srcset=\"https:\/\/venus-star-resort.com\/wp-content\/uploads\/\/Bild2.png 312w, https:\/\/venus-star-resort.com\/wp-content\/uploads\/\/Bild2-300x78.png 300w\" sizes=\"(max-width: 312px) 100vw, 312px\" \/><\/a>\u00a0<\/p>\n<p><a href=\"https:\/\/www.o-events.de\/shop_content.php?coID=3210164\" target=\"_blank\" rel=\"noopener\"><img fetchpriority=\"high\" decoding=\"async\" class=\"alignnone wp-image-6274 size-full\" src=\"https:\/\/venus-star-resort.com\/wp-content\/uploads\/Party-Pool-and-Palmtrees-700.png\" alt=\"\" width=\"420\" height=\"630\" \/><\/a><\/p>\n","protected":false},"excerpt":{"rendered":"<p>Les visiteurs d&rsquo;un jour sont les bienvenus du lundi au dimanche de 12h00 \u00e0 20h00. [&hellip;]<\/p>\n","protected":false},"author":3,"featured_media":0,"parent":0,"menu_order":0,"comment_status":"open","ping_status":"open","template":"templates-pages\/page-events.php","meta":{"footnotes":""},"class_list":["post-248","page","type-page","status-publish","hentry"],"yoast_head":"<!-- This site is optimized with the Yoast SEO plugin v26.0 - https:\/\/yoast.com\/wordpress\/plugins\/seo\/ -->\n<title>Partys-Ev\u00e9nements - Venus Star Resort | Gran Canaria<\/title>\n<meta name=\"robots\" content=\"index, follow, max-snippet:-1, max-image-preview:large, max-video-preview:-1\" \/>\n<link rel=\"canonical\" href=\"https:\/\/venus-star-resort.com\/events\/\" \/>\n<meta property=\"og:locale\" content=\"fr_FR\" \/>\n<meta property=\"og:type\" content=\"article\" \/>\n<meta property=\"og:title\" content=\"Partys-Ev\u00e9nements - Venus Star Resort | Gran Canaria\" \/>\n<meta property=\"og:description\" content=\"Les visiteurs d&rsquo;un jour sont les bienvenus du lundi au dimanche de 12h00 \u00e0 20h00. [&hellip;]\" \/>\n<meta property=\"og:url\" content=\"https:\/\/venus-star-resort.com\/events\/\" \/>\n<meta property=\"og:site_name\" content=\"Venus Star Resort | Gran Canaria\" \/>\n<meta property=\"article:modified_time\" content=\"2025-10-04T11:32:20+00:00\" \/>\n<meta property=\"og:image\" content=\"https:\/\/venus-star-resort.com\/wp-content\/uploads\/Bild2.png\" \/>\n\t<meta property=\"og:image:width\" content=\"312\" \/>\n\t<meta property=\"og:image:height\" content=\"81\" \/>\n\t<meta property=\"og:image:type\" content=\"image\/png\" \/>\n<meta name=\"twitter:card\" content=\"summary_large_image\" \/>\n<meta name=\"twitter:label1\" content=\"Dur\u00e9e de lecture estim\u00e9e\" \/>\n\t<meta name=\"twitter:data1\" content=\"2 minutes\" \/>\n<script type=\"application\/ld+json\" class=\"yoast-schema-graph\">{\"@context\":\"https:\/\/schema.org\",\"@graph\":[{\"@type\":\"WebPage\",\"@id\":\"https:\/\/venus-star-resort.com\/events\/\",\"url\":\"https:\/\/venus-star-resort.com\/events\/\",\"name\":\"Partys-Ev\u00e9nements - Venus Star Resort | Gran Canaria\",\"isPartOf\":{\"@id\":\"https:\/\/venus-star-resort.com\/fr\/#website\"},\"primaryImageOfPage\":{\"@id\":\"https:\/\/venus-star-resort.com\/events\/#primaryimage\"},\"image\":{\"@id\":\"https:\/\/venus-star-resort.com\/events\/#primaryimage\"},\"thumbnailUrl\":\"https:\/\/venus-star-resort.com\/wp-content\/uploads\/Bild2.png\",\"datePublished\":\"2015-07-31T12:30:29+00:00\",\"dateModified\":\"2025-10-04T11:32:20+00:00\",\"breadcrumb\":{\"@id\":\"https:\/\/venus-star-resort.com\/events\/#breadcrumb\"},\"inLanguage\":\"fr-FR\",\"potentialAction\":[{\"@type\":\"ReadAction\",\"target\":[\"https:\/\/venus-star-resort.com\/events\/\"]}]},{\"@type\":\"ImageObject\",\"inLanguage\":\"fr-FR\",\"@id\":\"https:\/\/venus-star-resort.com\/events\/#primaryimage\",\"url\":\"https:\/\/venus-star-resort.com\/wp-content\/uploads\/Bild2.png\",\"contentUrl\":\"https:\/\/venus-star-resort.com\/wp-content\/uploads\/Bild2.png\"},{\"@type\":\"BreadcrumbList\",\"@id\":\"https:\/\/venus-star-resort.com\/events\/#breadcrumb\",\"itemListElement\":[{\"@type\":\"ListItem\",\"position\":1,\"name\":\"Startseite\",\"item\":\"https:\/\/venus-star-resort.com\/fr\/\"},{\"@type\":\"ListItem\",\"position\":2,\"name\":\"Partys-Ev\u00e9nements\"}]},{\"@type\":\"WebSite\",\"@id\":\"https:\/\/venus-star-resort.com\/fr\/#website\",\"url\":\"https:\/\/venus-star-resort.com\/fr\/\",\"name\":\"Venus Star Resort | Gran Canaria\",\"description\":\"Das Mekka f\u00fcr alle Swinger\",\"potentialAction\":[{\"@type\":\"SearchAction\",\"target\":{\"@type\":\"EntryPoint\",\"urlTemplate\":\"https:\/\/venus-star-resort.com\/fr\/?s={search_term_string}\"},\"query-input\":{\"@type\":\"PropertyValueSpecification\",\"valueRequired\":true,\"valueName\":\"search_term_string\"}}],\"inLanguage\":\"fr-FR\"}]}<\/script>\n<!-- \/ Yoast SEO plugin. -->","yoast_head_json":{"title":"Partys-Ev\u00e9nements - Venus Star Resort | Gran Canaria","robots":{"index":"index","follow":"follow","max-snippet":"max-snippet:-1","max-image-preview":"max-image-preview:large","max-video-preview":"max-video-preview:-1"},"canonical":"https:\/\/venus-star-resort.com\/events\/","og_locale":"fr_FR","og_type":"article","og_title":"Partys-Ev\u00e9nements - Venus Star Resort | Gran Canaria","og_description":"Les visiteurs d&rsquo;un jour sont les bienvenus du lundi au dimanche de 12h00 \u00e0 20h00. [&hellip;]","og_url":"https:\/\/venus-star-resort.com\/events\/","og_site_name":"Venus Star Resort | Gran Canaria","article_modified_time":"2025-10-04T11:32:20+00:00","og_image":[{"width":312,"height":81,"url":"https:\/\/venus-star-resort.com\/wp-content\/uploads\/Bild2.png","type":"image\/png"}],"twitter_card":"summary_large_image","twitter_misc":{"Dur\u00e9e de lecture estim\u00e9e":"2 minutes"},"schema":{"@context":"https:\/\/schema.org","@graph":[{"@type":"WebPage","@id":"https:\/\/venus-star-resort.com\/events\/","url":"https:\/\/venus-star-resort.com\/events\/","name":"Partys-Ev\u00e9nements - Venus Star Resort | Gran Canaria","isPartOf":{"@id":"https:\/\/venus-star-resort.com\/fr\/#website"},"primaryImageOfPage":{"@id":"https:\/\/venus-star-resort.com\/events\/#primaryimage"},"image":{"@id":"https:\/\/venus-star-resort.com\/events\/#primaryimage"},"thumbnailUrl":"https:\/\/venus-star-resort.com\/wp-content\/uploads\/Bild2.png","datePublished":"2015-07-31T12:30:29+00:00","dateModified":"2025-10-04T11:32:20+00:00","breadcrumb":{"@id":"https:\/\/venus-star-resort.com\/events\/#breadcrumb"},"inLanguage":"fr-FR","potentialAction":[{"@type":"ReadAction","target":["https:\/\/venus-star-resort.com\/events\/"]}]},{"@type":"ImageObject","inLanguage":"fr-FR","@id":"https:\/\/venus-star-resort.com\/events\/#primaryimage","url":"https:\/\/venus-star-resort.com\/wp-content\/uploads\/Bild2.png","contentUrl":"https:\/\/venus-star-resort.com\/wp-content\/uploads\/Bild2.png"},{"@type":"BreadcrumbList","@id":"https:\/\/venus-star-resort.com\/events\/#breadcrumb","itemListElement":[{"@type":"ListItem","position":1,"name":"Startseite","item":"https:\/\/venus-star-resort.com\/fr\/"},{"@type":"ListItem","position":2,"name":"Partys-Ev\u00e9nements"}]},{"@type":"WebSite","@id":"https:\/\/venus-star-resort.com\/fr\/#website","url":"https:\/\/venus-star-resort.com\/fr\/","name":"Venus Star Resort | Gran Canaria","description":"Das Mekka f\u00fcr alle Swinger","potentialAction":[{"@type":"SearchAction","target":{"@type":"EntryPoint","urlTemplate":"https:\/\/venus-star-resort.com\/fr\/?s={search_term_string}"},"query-input":{"@type":"PropertyValueSpecification","valueRequired":true,"valueName":"search_term_string"}}],"inLanguage":"fr-FR"}]}},"_links":{"self":[{"href":"https:\/\/venus-star-resort.com\/fr\/wp-json\/wp\/v2\/pages\/248","targetHints":{"allow":["GET"]}}],"collection":[{"href":"https:\/\/venus-star-resort.com\/fr\/wp-json\/wp\/v2\/pages"}],"about":[{"href":"https:\/\/venus-star-resort.com\/fr\/wp-json\/wp\/v2\/types\/page"}],"author":[{"embeddable":true,"href":"https:\/\/venus-star-resort.com\/fr\/wp-json\/wp\/v2\/users\/3"}],"replies":[{"embeddable":true,"href":"https:\/\/venus-star-resort.com\/fr\/wp-json\/wp\/v2\/comments?post=248"}],"version-history":[{"count":61,"href":"https:\/\/venus-star-resort.com\/fr\/wp-json\/wp\/v2\/pages\/248\/revisions"}],"predecessor-version":[{"id":6387,"href":"https:\/\/venus-star-resort.com\/fr\/wp-json\/wp\/v2\/pages\/248\/revisions\/6387"}],"wp:attachment":[{"href":"https:\/\/venus-star-resort.com\/fr\/wp-json\/wp\/v2\/media?parent=248"}],"curies":[{"name":"wp","href":"https:\/\/api.w.org\/{rel}","templated":true}]}}