{"id":253,"date":"2015-07-30T11:40:28","date_gmt":"2015-07-30T11:40:28","guid":{"rendered":"http:\/\/venus.webdesign-grancanaria.de\/fr\/hausordnung\/"},"modified":"2025-01-08T13:06:09","modified_gmt":"2025-01-08T13:06:09","slug":"reglement-interieur","status":"publish","type":"page","link":"https:\/\/venus-star-resort.com\/fr\/reglement-interieur\/","title":{"rendered":"R\u00e8glement int\u00e9rieur"},"content":{"rendered":"<p>SELON LA LOI, IL EST OBLIGATOIRE DE PR\u00c9SENTER UNE IDENTIFICATION OU UN PASSEPORT DU PERSONNEL<\/p>\n<p>Arriv\u00e9e \u00e0 partir de 14h.<\/p>\n<p>D\u00e9part jusqu&rsquo;\u00e0 11h.<\/p>\n<p>Veuillez indiquer votre heure d&rsquo;arriv\u00e9e, afin que votre arriv\u00e9e soit garantie. Notre r\u00e9ception est ouverte de 8h \u00e0 20h, apr\u00e8s quoi nous serons heureux d&rsquo;assurer un transfert moyennant des frais.<\/p>\n<p>Dans notre complexe, il est strictement interdit d&rsquo;utiliser des appareils photo, des t\u00e9l\u00e9phones portables, des lunettes ou tout autre type d&rsquo;appareil capable de capturer des images de nos h\u00f4tes dans l&rsquo;ensemble du complexe.<br \/>\nSi vous ne respectez pas cette r\u00e8gle, vous devrez quitter le complexe imm\u00e9diatement.<\/p>\n<p>Nous supposons que nos clients sont conscients du caract\u00e8re sp\u00e9cial de leurs vacances ici au Venus Star Resort. Il ne peut y avoir de remboursement des frais d&rsquo;h\u00e9bergement en raison de malentendus.<\/p>\n<p>Nous traitons toutes les informations avec la plus stricte confidentialit\u00e9 et nous garantissons qu&rsquo;aucune de ces informations ne sera transmise \u00e0 des tiers. Votre identit\u00e9 et celle de toutes les personnes que vous rencontrez avec nous sont absolument confidentielles.<\/p>\n<p>Il s&rsquo;agit d&rsquo;un complexe r\u00e9serv\u00e9 aux adultes &#8211; cependant, il n&rsquo;y a aucune obligation ou garantie de sexe. N\u00e9anmoins, toutes les r\u00e8gles normales pour traiter avec les \u00e9changistes, telles que les bonnes mani\u00e8res, la discr\u00e9tion et la propret\u00e9, s&rsquo;appliquent. Un non signifie non et n&rsquo;est pas une infraction.<\/p>\n<p>Afin d&rsquo;\u00e9viter les d\u00e9sagr\u00e9ments, l&rsquo;utilisation du jacuzzi est interdite apr\u00e8s 20h. De plus, \u00e0 partir de cette date, toutes les activit\u00e9s pouvant engendrer des nuisances sonores devront \u00eatre relocalis\u00e9es \u00e0 l&rsquo;int\u00e9rieur de la station. Des chambres sont disponibles pour cela.<\/p>\n<p>Les h\u00f4tes de jour ne sont autoris\u00e9s \u00e0 entrer dans les bungalows qu&rsquo;avec l&rsquo;approbation expresse de la r\u00e9ception ou du restaurant du Venus Star Resort.<\/p>\n<p>Les clients de jour doivent quitter le complexe \u00e0 20 heures au plus tard.<\/p>\n<p>Le sauna est ouvert tous les jours de 12h00 \u00e0 20h00 (d&rsquo;octobre \u00e0 avril).<\/p>\n<p>Nous souhaitons \u00e0 tous nos clients un s\u00e9jour agr\u00e9able et inoubliable au Venus Star Resort. Si vous avez des questions et\/ou des suggestions, n&rsquo;h\u00e9sitez pas \u00e0 nous en faire part.<\/p>\n","protected":false},"excerpt":{"rendered":"<p>SELON LA LOI, IL EST OBLIGATOIRE DE PR\u00c9SENTER UNE IDENTIFICATION OU UN PASSEPORT DU PERSONNEL [&hellip;]<\/p>\n","protected":false},"author":1,"featured_media":0,"parent":0,"menu_order":0,"comment_status":"closed","ping_status":"closed","template":"","meta":{"footnotes":""},"class_list":["post-253","page","type-page","status-publish","hentry"],"yoast_head":"<!-- This site is optimized with the Yoast SEO plugin v26.0 - https:\/\/yoast.com\/wordpress\/plugins\/seo\/ -->\n<title>R\u00e8glement int\u00e9rieur - Venus Star Resort | Gran Canaria<\/title>\n<meta name=\"robots\" content=\"index, follow, max-snippet:-1, max-image-preview:large, max-video-preview:-1\" \/>\n<link rel=\"canonical\" href=\"https:\/\/venus-star-resort.com\/fr\/reglement-interieur\/\" \/>\n<meta property=\"og:locale\" content=\"fr_FR\" \/>\n<meta property=\"og:type\" content=\"article\" \/>\n<meta property=\"og:title\" content=\"R\u00e8glement int\u00e9rieur - Venus Star Resort | Gran Canaria\" \/>\n<meta property=\"og:description\" content=\"SELON LA LOI, IL EST OBLIGATOIRE DE PR\u00c9SENTER UNE IDENTIFICATION OU UN PASSEPORT DU PERSONNEL [&hellip;]\" \/>\n<meta property=\"og:url\" content=\"https:\/\/venus-star-resort.com\/fr\/reglement-interieur\/\" \/>\n<meta property=\"og:site_name\" content=\"Venus Star Resort | Gran Canaria\" \/>\n<meta property=\"article:modified_time\" content=\"2025-01-08T13:06:09+00:00\" \/>\n<meta name=\"twitter:card\" content=\"summary_large_image\" \/>\n<meta name=\"twitter:label1\" content=\"Dur\u00e9e de lecture estim\u00e9e\" \/>\n\t<meta name=\"twitter:data1\" content=\"2 minutes\" \/>\n<script type=\"application\/ld+json\" class=\"yoast-schema-graph\">{\"@context\":\"https:\/\/schema.org\",\"@graph\":[{\"@type\":\"WebPage\",\"@id\":\"https:\/\/venus-star-resort.com\/fr\/reglement-interieur\/\",\"url\":\"https:\/\/venus-star-resort.com\/fr\/reglement-interieur\/\",\"name\":\"R\u00e8glement int\u00e9rieur - Venus Star Resort | Gran Canaria\",\"isPartOf\":{\"@id\":\"https:\/\/venus-star-resort.com\/fr\/#website\"},\"datePublished\":\"2015-07-30T11:40:28+00:00\",\"dateModified\":\"2025-01-08T13:06:09+00:00\",\"breadcrumb\":{\"@id\":\"https:\/\/venus-star-resort.com\/fr\/reglement-interieur\/#breadcrumb\"},\"inLanguage\":\"fr-FR\",\"potentialAction\":[{\"@type\":\"ReadAction\",\"target\":[\"https:\/\/venus-star-resort.com\/fr\/reglement-interieur\/\"]}]},{\"@type\":\"BreadcrumbList\",\"@id\":\"https:\/\/venus-star-resort.com\/fr\/reglement-interieur\/#breadcrumb\",\"itemListElement\":[{\"@type\":\"ListItem\",\"position\":1,\"name\":\"Startseite\",\"item\":\"https:\/\/venus-star-resort.com\/fr\/\"},{\"@type\":\"ListItem\",\"position\":2,\"name\":\"R\u00e8glement int\u00e9rieur\"}]},{\"@type\":\"WebSite\",\"@id\":\"https:\/\/venus-star-resort.com\/fr\/#website\",\"url\":\"https:\/\/venus-star-resort.com\/fr\/\",\"name\":\"Venus Star Resort | Gran Canaria\",\"description\":\"Das Mekka f\u00fcr alle Swinger\",\"potentialAction\":[{\"@type\":\"SearchAction\",\"target\":{\"@type\":\"EntryPoint\",\"urlTemplate\":\"https:\/\/venus-star-resort.com\/fr\/?s={search_term_string}\"},\"query-input\":{\"@type\":\"PropertyValueSpecification\",\"valueRequired\":true,\"valueName\":\"search_term_string\"}}],\"inLanguage\":\"fr-FR\"}]}<\/script>\n<!-- \/ Yoast SEO plugin. -->","yoast_head_json":{"title":"R\u00e8glement int\u00e9rieur - Venus Star Resort | Gran Canaria","robots":{"index":"index","follow":"follow","max-snippet":"max-snippet:-1","max-image-preview":"max-image-preview:large","max-video-preview":"max-video-preview:-1"},"canonical":"https:\/\/venus-star-resort.com\/fr\/reglement-interieur\/","og_locale":"fr_FR","og_type":"article","og_title":"R\u00e8glement int\u00e9rieur - Venus Star Resort | Gran Canaria","og_description":"SELON LA LOI, IL EST OBLIGATOIRE DE PR\u00c9SENTER UNE IDENTIFICATION OU UN PASSEPORT DU PERSONNEL [&hellip;]","og_url":"https:\/\/venus-star-resort.com\/fr\/reglement-interieur\/","og_site_name":"Venus Star Resort | Gran Canaria","article_modified_time":"2025-01-08T13:06:09+00:00","twitter_card":"summary_large_image","twitter_misc":{"Dur\u00e9e de lecture estim\u00e9e":"2 minutes"},"schema":{"@context":"https:\/\/schema.org","@graph":[{"@type":"WebPage","@id":"https:\/\/venus-star-resort.com\/fr\/reglement-interieur\/","url":"https:\/\/venus-star-resort.com\/fr\/reglement-interieur\/","name":"R\u00e8glement int\u00e9rieur - Venus Star Resort | Gran Canaria","isPartOf":{"@id":"https:\/\/venus-star-resort.com\/fr\/#website"},"datePublished":"2015-07-30T11:40:28+00:00","dateModified":"2025-01-08T13:06:09+00:00","breadcrumb":{"@id":"https:\/\/venus-star-resort.com\/fr\/reglement-interieur\/#breadcrumb"},"inLanguage":"fr-FR","potentialAction":[{"@type":"ReadAction","target":["https:\/\/venus-star-resort.com\/fr\/reglement-interieur\/"]}]},{"@type":"BreadcrumbList","@id":"https:\/\/venus-star-resort.com\/fr\/reglement-interieur\/#breadcrumb","itemListElement":[{"@type":"ListItem","position":1,"name":"Startseite","item":"https:\/\/venus-star-resort.com\/fr\/"},{"@type":"ListItem","position":2,"name":"R\u00e8glement int\u00e9rieur"}]},{"@type":"WebSite","@id":"https:\/\/venus-star-resort.com\/fr\/#website","url":"https:\/\/venus-star-resort.com\/fr\/","name":"Venus Star Resort | Gran Canaria","description":"Das Mekka f\u00fcr alle Swinger","potentialAction":[{"@type":"SearchAction","target":{"@type":"EntryPoint","urlTemplate":"https:\/\/venus-star-resort.com\/fr\/?s={search_term_string}"},"query-input":{"@type":"PropertyValueSpecification","valueRequired":true,"valueName":"search_term_string"}}],"inLanguage":"fr-FR"}]}},"_links":{"self":[{"href":"https:\/\/venus-star-resort.com\/fr\/wp-json\/wp\/v2\/pages\/253","targetHints":{"allow":["GET"]}}],"collection":[{"href":"https:\/\/venus-star-resort.com\/fr\/wp-json\/wp\/v2\/pages"}],"about":[{"href":"https:\/\/venus-star-resort.com\/fr\/wp-json\/wp\/v2\/types\/page"}],"author":[{"embeddable":true,"href":"https:\/\/venus-star-resort.com\/fr\/wp-json\/wp\/v2\/users\/1"}],"replies":[{"embeddable":true,"href":"https:\/\/venus-star-resort.com\/fr\/wp-json\/wp\/v2\/comments?post=253"}],"version-history":[{"count":17,"href":"https:\/\/venus-star-resort.com\/fr\/wp-json\/wp\/v2\/pages\/253\/revisions"}],"predecessor-version":[{"id":6236,"href":"https:\/\/venus-star-resort.com\/fr\/wp-json\/wp\/v2\/pages\/253\/revisions\/6236"}],"wp:attachment":[{"href":"https:\/\/venus-star-resort.com\/fr\/wp-json\/wp\/v2\/media?parent=253"}],"curies":[{"name":"wp","href":"https:\/\/api.w.org\/{rel}","templated":true}]}}