{"id":258,"date":"2015-07-30T11:43:11","date_gmt":"2015-07-30T11:43:11","guid":{"rendered":"http:\/\/venus.webdesign-grancanaria.de\/fr\/infos\/"},"modified":"2026-01-05T13:57:37","modified_gmt":"2026-01-05T13:57:37","slug":"infos","status":"publish","type":"page","link":"https:\/\/venus-star-resort.com\/fr\/infos\/","title":{"rendered":"Infos"},"content":{"rendered":"<p><strong>INFORMATION IMPORTANTE<br \/>\nDu 15 juin au 5 juillet 2026, notre jacuzzi sera ferm\u00e9 pour des travaux de r\u00e9novation visant \u00e0 am\u00e9liorer votre exp\u00e9rience de baignade.<br \/>\nSi vous avez une r\u00e9servation ou pr\u00e9voyez d&rsquo;en faire une pendant cette p\u00e9riode, veuillez en tenir compte.<br \/>\nMerci de votre compr\u00e9hension !<\/strong><\/p>\n<p>&nbsp;<\/p>\n<p><strong><br \/>\nR\u00e8gles pour tous les invit\u00e9s.<\/strong><\/p>\n<p>Il est strictement interdit de fumer dans les parties communes du resort :<\/p>\n<ul>\n<li>Au restaurant<\/li>\n<li>Zone de piscine (Comunzone)<\/li>\n<li>A l&rsquo;int\u00e9rieur des bungalows.<\/li>\n<\/ul>\n<p>Zones fumeurs :<\/p>\n<ul>\n<li>Zone fumeurs dans la Comunzone<\/li>\n<li>Terrasse du restaurant<\/li>\n<li>Terrasse du bungalow<\/li>\n<\/ul>\n<p>L&rsquo;acc\u00e8s aux bungalows est totalement interdit aux visiteurs \u00e0 la journ\u00e9e et nos clients ne peuvent pas inviter de visiteurs \u00e0 la journ\u00e9e dans leur bungalow.<\/p>\n<p>Pendant les mois de juin, juillet, ao\u00fbt et septembre, le r\u00e9gime du petit-d\u00e9jeuner est maintenu, mais il n&rsquo;y a pas de buffet.<\/p>\n<p>Notre personnel vous conseillera individuellement et commandera le petit-d\u00e9jeuner sp\u00e9cialement selon vos souhaits.<\/p>\n<p>Il est strictement interdit de faire des barbecues sur la terrasse du bungalow.<\/p>\n<p>Le nettoyage des bungalows est obligatoirement quotidien.<br \/>\nSi vous ne souhaitez pas de nettoyage, nous vous informons que les bungalows ne peuvent pas rester plus de 2 jours sans \u00eatre nettoy\u00e9s.<br \/>\nDans tous les cas, les femmes de chambre ont pour consigne d&rsquo;entrer dans les bungalows pour v\u00e9rifier leur \u00e9tat.<br \/>\nEn cas de salet\u00e9 extr\u00eame, un suppl\u00e9ment vous sera factur\u00e9.<\/p>\n<p>&nbsp;<\/p>\n<p>Nous attirons votre attention sur le fait que l&rsquo;entreprise peut d\u00e9biter votre carte des frais de dommages. En r\u00e9servant, vous acceptez ces conditions. Si vous n&rsquo;\u00eates pas d&rsquo;accord avec cette mesure, vous devez nous le confirmer par \u00e9crit, en sachant que la r\u00e9servation sera automatiquement annul\u00e9e.<\/p>\n<p>&nbsp;<\/p>\n<p>Le reste de l&rsquo;ann\u00e9e, le petit-d\u00e9jeuner est servi sous forme de buffet. Tous les matins \u00e0 partir de 8h30 jusqu&rsquo;\u00e0 11h00.<\/p>\n<p>Vous pouvez r\u00e9server sur ce site pour seulement 28,- \u20ac par couple, ou vous pouvez d\u00e9cider de participer sur place pour 16,90 \u20ac par personne.<\/p>\n<p>&nbsp;<\/p>\n<p>Les chaises longues dans la zone de la piscine commune sont disponibles \u00e0 partir de 9 heures. Les r\u00e9servations ne sont pas autoris\u00e9es.<\/p>\n<p>L&rsquo;utilisation d&rsquo;appareils photo, de t\u00e9l\u00e9phones portables, de lunettes ou de tout autre appareil permettant de prendre des photos de nos h\u00f4tes est strictement interdite dans l&rsquo;ensemble du complexe.<br \/>\nSi vous ne respectez pas cette r\u00e8gle, il vous sera demand\u00e9 de quitter imm\u00e9diatement le complexe.<\/p>\n<p>&nbsp;<\/p>\n<p><strong>Bar de la piscine<\/strong>: Le bar de la piscine est ouvert tous les jours de 12h00 \u00e0 20h00.<\/p>\n<p><strong>Massage :<\/strong> diff\u00e9rents masseurs peuvent \u00eatre r\u00e9serv\u00e9s si vous \u00eates int\u00e9ress\u00e9s. (Informations \u00e0 la r\u00e9ception)<\/p>\n<p>&nbsp;<\/p>\n<p>&nbsp;<\/p>\n","protected":false},"excerpt":{"rendered":"<p>INFORMATION IMPORTANTE Du 15 juin au 5 juillet 2026, notre jacuzzi sera ferm\u00e9 pour des [&hellip;]<\/p>\n","protected":false},"author":1,"featured_media":0,"parent":0,"menu_order":0,"comment_status":"open","ping_status":"open","template":"","meta":{"footnotes":""},"class_list":["post-258","page","type-page","status-publish","hentry"],"yoast_head":"<!-- This site is optimized with the Yoast SEO plugin v26.0 - https:\/\/yoast.com\/wordpress\/plugins\/seo\/ -->\n<title>Infos - Venus Star Resort | Gran Canaria<\/title>\n<meta name=\"robots\" content=\"index, follow, max-snippet:-1, max-image-preview:large, max-video-preview:-1\" \/>\n<link rel=\"canonical\" href=\"https:\/\/venus-star-resort.com\/fr\/infos\/\" \/>\n<meta property=\"og:locale\" content=\"fr_FR\" \/>\n<meta property=\"og:type\" content=\"article\" \/>\n<meta property=\"og:title\" content=\"Infos - Venus Star Resort | Gran Canaria\" \/>\n<meta property=\"og:description\" content=\"INFORMATION IMPORTANTE Du 15 juin au 5 juillet 2026, notre jacuzzi sera ferm\u00e9 pour des [&hellip;]\" \/>\n<meta property=\"og:url\" content=\"https:\/\/venus-star-resort.com\/fr\/infos\/\" \/>\n<meta property=\"og:site_name\" content=\"Venus Star Resort | Gran Canaria\" \/>\n<meta property=\"article:modified_time\" content=\"2026-01-05T13:57:37+00:00\" \/>\n<meta name=\"twitter:card\" content=\"summary_large_image\" \/>\n<meta name=\"twitter:label1\" content=\"Dur\u00e9e de lecture estim\u00e9e\" \/>\n\t<meta name=\"twitter:data1\" content=\"2 minutes\" \/>\n<script type=\"application\/ld+json\" class=\"yoast-schema-graph\">{\"@context\":\"https:\/\/schema.org\",\"@graph\":[{\"@type\":\"WebPage\",\"@id\":\"https:\/\/venus-star-resort.com\/fr\/infos\/\",\"url\":\"https:\/\/venus-star-resort.com\/fr\/infos\/\",\"name\":\"Infos - Venus Star Resort | Gran Canaria\",\"isPartOf\":{\"@id\":\"https:\/\/venus-star-resort.com\/fr\/#website\"},\"datePublished\":\"2015-07-30T11:43:11+00:00\",\"dateModified\":\"2026-01-05T13:57:37+00:00\",\"breadcrumb\":{\"@id\":\"https:\/\/venus-star-resort.com\/fr\/infos\/#breadcrumb\"},\"inLanguage\":\"fr-FR\",\"potentialAction\":[{\"@type\":\"ReadAction\",\"target\":[\"https:\/\/venus-star-resort.com\/fr\/infos\/\"]}]},{\"@type\":\"BreadcrumbList\",\"@id\":\"https:\/\/venus-star-resort.com\/fr\/infos\/#breadcrumb\",\"itemListElement\":[{\"@type\":\"ListItem\",\"position\":1,\"name\":\"Startseite\",\"item\":\"https:\/\/venus-star-resort.com\/fr\/\"},{\"@type\":\"ListItem\",\"position\":2,\"name\":\"Infos\"}]},{\"@type\":\"WebSite\",\"@id\":\"https:\/\/venus-star-resort.com\/fr\/#website\",\"url\":\"https:\/\/venus-star-resort.com\/fr\/\",\"name\":\"Venus Star Resort | Gran Canaria\",\"description\":\"Das Mekka f\u00fcr alle Swinger\",\"potentialAction\":[{\"@type\":\"SearchAction\",\"target\":{\"@type\":\"EntryPoint\",\"urlTemplate\":\"https:\/\/venus-star-resort.com\/fr\/?s={search_term_string}\"},\"query-input\":{\"@type\":\"PropertyValueSpecification\",\"valueRequired\":true,\"valueName\":\"search_term_string\"}}],\"inLanguage\":\"fr-FR\"}]}<\/script>\n<!-- \/ Yoast SEO plugin. -->","yoast_head_json":{"title":"Infos - Venus Star Resort | Gran Canaria","robots":{"index":"index","follow":"follow","max-snippet":"max-snippet:-1","max-image-preview":"max-image-preview:large","max-video-preview":"max-video-preview:-1"},"canonical":"https:\/\/venus-star-resort.com\/fr\/infos\/","og_locale":"fr_FR","og_type":"article","og_title":"Infos - Venus Star Resort | Gran Canaria","og_description":"INFORMATION IMPORTANTE Du 15 juin au 5 juillet 2026, notre jacuzzi sera ferm\u00e9 pour des [&hellip;]","og_url":"https:\/\/venus-star-resort.com\/fr\/infos\/","og_site_name":"Venus Star Resort | Gran Canaria","article_modified_time":"2026-01-05T13:57:37+00:00","twitter_card":"summary_large_image","twitter_misc":{"Dur\u00e9e de lecture estim\u00e9e":"2 minutes"},"schema":{"@context":"https:\/\/schema.org","@graph":[{"@type":"WebPage","@id":"https:\/\/venus-star-resort.com\/fr\/infos\/","url":"https:\/\/venus-star-resort.com\/fr\/infos\/","name":"Infos - Venus Star Resort | Gran Canaria","isPartOf":{"@id":"https:\/\/venus-star-resort.com\/fr\/#website"},"datePublished":"2015-07-30T11:43:11+00:00","dateModified":"2026-01-05T13:57:37+00:00","breadcrumb":{"@id":"https:\/\/venus-star-resort.com\/fr\/infos\/#breadcrumb"},"inLanguage":"fr-FR","potentialAction":[{"@type":"ReadAction","target":["https:\/\/venus-star-resort.com\/fr\/infos\/"]}]},{"@type":"BreadcrumbList","@id":"https:\/\/venus-star-resort.com\/fr\/infos\/#breadcrumb","itemListElement":[{"@type":"ListItem","position":1,"name":"Startseite","item":"https:\/\/venus-star-resort.com\/fr\/"},{"@type":"ListItem","position":2,"name":"Infos"}]},{"@type":"WebSite","@id":"https:\/\/venus-star-resort.com\/fr\/#website","url":"https:\/\/venus-star-resort.com\/fr\/","name":"Venus Star Resort | Gran Canaria","description":"Das Mekka f\u00fcr alle Swinger","potentialAction":[{"@type":"SearchAction","target":{"@type":"EntryPoint","urlTemplate":"https:\/\/venus-star-resort.com\/fr\/?s={search_term_string}"},"query-input":{"@type":"PropertyValueSpecification","valueRequired":true,"valueName":"search_term_string"}}],"inLanguage":"fr-FR"}]}},"_links":{"self":[{"href":"https:\/\/venus-star-resort.com\/fr\/wp-json\/wp\/v2\/pages\/258","targetHints":{"allow":["GET"]}}],"collection":[{"href":"https:\/\/venus-star-resort.com\/fr\/wp-json\/wp\/v2\/pages"}],"about":[{"href":"https:\/\/venus-star-resort.com\/fr\/wp-json\/wp\/v2\/types\/page"}],"author":[{"embeddable":true,"href":"https:\/\/venus-star-resort.com\/fr\/wp-json\/wp\/v2\/users\/1"}],"replies":[{"embeddable":true,"href":"https:\/\/venus-star-resort.com\/fr\/wp-json\/wp\/v2\/comments?post=258"}],"version-history":[{"count":42,"href":"https:\/\/venus-star-resort.com\/fr\/wp-json\/wp\/v2\/pages\/258\/revisions"}],"predecessor-version":[{"id":6461,"href":"https:\/\/venus-star-resort.com\/fr\/wp-json\/wp\/v2\/pages\/258\/revisions\/6461"}],"wp:attachment":[{"href":"https:\/\/venus-star-resort.com\/fr\/wp-json\/wp\/v2\/media?parent=258"}],"curies":[{"name":"wp","href":"https:\/\/api.w.org\/{rel}","templated":true}]}}